{"id":107420,"date":"2021-08-11T10:13:54","date_gmt":"2021-08-11T08:13:54","guid":{"rendered":"https:\/\/www.sport4club.be\/?post_type=product&#038;p=107420"},"modified":"2024-08-14T10:28:03","modified_gmt":"2024-08-14T08:28:03","slug":"wilson-pro-overgrips-vert-blade-x3","status":"publish","type":"product","link":"https:\/\/www.sport4club.be\/index.php\/product\/wilson-pro-overgrips-vert-blade-x3\/","title":{"rendered":"Wilson Overgrips Pro Comfort Vert Blade x3pces"},"content":{"rendered":"<p><em>Les surgrips Wilson Pro poss\u00e9dent un effet tr\u00e8s collant, sont r\u00e9sistants et confortables.<\/em><\/p>\n<p><em>Il propose le toucher pr\u00e9f\u00e9r\u00e9 par les joueurs du Tour.<\/em><\/p>\n<p><em>Utilis\u00e9 par les meilleurs joueurs au monde &#8211; Roger Federer et les soeurs Williams.<\/em><\/p>\n<p><em>S&#8217;accorde parfaitement avec le vert des raquettes Wilson Blade.<\/em><\/p>\n","protected":false},"excerpt":{"rendered":"<p>Les surgrips Wilson Pro poss\u00e9dent un effet tr\u00e8s collant, sont r\u00e9sistants et confortables. Il propose le toucher pr\u00e9f\u00e9r\u00e9 par les joueurs du Tour. Utilis\u00e9 par les meilleurs joueurs au monde &#8211; Roger Federer et les soeurs Williams. S&#8217;accorde parfaitement avec le vert des raquettes Wilson Blade.<\/p>\n","protected":false},"featured_media":107421,"comment_status":"open","ping_status":"closed","template":"","meta":[],"product_cat":[120],"product_tag":[],"_links":{"self":[{"href":"https:\/\/www.sport4club.be\/index.php\/wp-json\/wp\/v2\/product\/107420"}],"collection":[{"href":"https:\/\/www.sport4club.be\/index.php\/wp-json\/wp\/v2\/product"}],"about":[{"href":"https:\/\/www.sport4club.be\/index.php\/wp-json\/wp\/v2\/types\/product"}],"replies":[{"embeddable":true,"href":"https:\/\/www.sport4club.be\/index.php\/wp-json\/wp\/v2\/comments?post=107420"}],"wp:featuredmedia":[{"embeddable":true,"href":"https:\/\/www.sport4club.be\/index.php\/wp-json\/wp\/v2\/media\/107421"}],"wp:attachment":[{"href":"https:\/\/www.sport4club.be\/index.php\/wp-json\/wp\/v2\/media?parent=107420"}],"wp:term":[{"taxonomy":"product_cat","embeddable":true,"href":"https:\/\/www.sport4club.be\/index.php\/wp-json\/wp\/v2\/product_cat?post=107420"},{"taxonomy":"product_tag","embeddable":true,"href":"https:\/\/www.sport4club.be\/index.php\/wp-json\/wp\/v2\/product_tag?post=107420"}],"curies":[{"name":"wp","href":"https:\/\/api.w.org\/{rel}","templated":true}]}}