{"id":107418,"date":"2021-08-11T10:10:28","date_gmt":"2021-08-11T08:10:28","guid":{"rendered":"https:\/\/www.sport4club.be\/?post_type=product&#038;p=107418"},"modified":"2026-02-22T22:13:07","modified_gmt":"2026-02-22T21:13:07","slug":"wilson-pro-overgrips-noirs-x3","status":"publish","type":"product","link":"https:\/\/www.sport4club.be\/index.php\/product\/wilson-pro-overgrips-noirs-x3\/","title":{"rendered":"Wilson Overgrips Pro Comfort BLACK x3pces"},"content":{"rendered":"<p><em>Surgrips poss\u00e9dant un effet tr\u00e8s collant, r\u00e9sistant et confortable.<\/em><\/p>\n<p><em>Le toucher pr\u00e9f\u00e9r\u00e9 par les joueurs du Tour.<\/em><\/p>\n<p><em>Utilis\u00e9 par Roger Federer.<\/em><\/p>\n","protected":false},"excerpt":{"rendered":"<p>Surgrips poss\u00e9dant un effet tr\u00e8s collant, r\u00e9sistant et confortable. Le toucher pr\u00e9f\u00e9r\u00e9 par les joueurs du Tour. Utilis\u00e9 par Roger Federer.<\/p>\n","protected":false},"featured_media":107419,"comment_status":"open","ping_status":"closed","template":"","meta":[],"product_cat":[120],"product_tag":[],"_links":{"self":[{"href":"https:\/\/www.sport4club.be\/index.php\/wp-json\/wp\/v2\/product\/107418"}],"collection":[{"href":"https:\/\/www.sport4club.be\/index.php\/wp-json\/wp\/v2\/product"}],"about":[{"href":"https:\/\/www.sport4club.be\/index.php\/wp-json\/wp\/v2\/types\/product"}],"replies":[{"embeddable":true,"href":"https:\/\/www.sport4club.be\/index.php\/wp-json\/wp\/v2\/comments?post=107418"}],"wp:featuredmedia":[{"embeddable":true,"href":"https:\/\/www.sport4club.be\/index.php\/wp-json\/wp\/v2\/media\/107419"}],"wp:attachment":[{"href":"https:\/\/www.sport4club.be\/index.php\/wp-json\/wp\/v2\/media?parent=107418"}],"wp:term":[{"taxonomy":"product_cat","embeddable":true,"href":"https:\/\/www.sport4club.be\/index.php\/wp-json\/wp\/v2\/product_cat?post=107418"},{"taxonomy":"product_tag","embeddable":true,"href":"https:\/\/www.sport4club.be\/index.php\/wp-json\/wp\/v2\/product_tag?post=107418"}],"curies":[{"name":"wp","href":"https:\/\/api.w.org\/{rel}","templated":true}]}}