{"id":107391,"date":"2021-07-23T12:08:48","date_gmt":"2021-07-23T10:08:48","guid":{"rendered":"https:\/\/www.sport4club.be\/?post_type=product&#038;p=107391"},"modified":"2024-10-14T08:59:56","modified_gmt":"2024-10-14T06:59:56","slug":"bullpadel-vertex-3-junior-21","status":"publish","type":"product","link":"https:\/\/www.sport4club.be\/index.php\/product\/bullpadel-vertex-3-junior-21\/","title":{"rendered":"Bullpadel Vertex 3 Junior"},"content":{"rendered":"<p><em>La raquette de padel Vertex 3 Junior est con\u00e7ue pour les enfants d&#8217;un bon niveau souhaitant une raquette performante et polyvalente.<\/em><\/p>\n<p><em>Il s&#8217;agit de la raquette officielle de Maxi S\u00e1nchez adapt\u00e9e aux joueurs juniors. Elle dispose une surface similaire \u00e0 une raquette adulte ce qui favorise l&#8217;apprentissage du joueur.<\/em><\/p>\n<p><em>En forme de losange, son noyau ext\u00e9rieur est en fibre de verre Polyglass, le noyau int\u00e9rieur est en caoutchouc Evalastic et son cadre CarbonTube est compos\u00e9 \u00e0 100 % de fibre de carbone.<\/em><\/p>\n<p><em>La raquette est dot\u00e9e d&#8217;un c\u0153ur Vertex qui fournit une puissance maximale et une r\u00e9partition parfaite des poids, tout en \u00e9liminant les vibrations.<\/em><\/p>\n","protected":false},"excerpt":{"rendered":"<p>La raquette de padel Vertex 3 Junior est con\u00e7ue pour les enfants d&#8217;un bon niveau souhaitant une raquette performante et polyvalente. Il s&#8217;agit de la raquette officielle de Maxi S\u00e1nchez adapt\u00e9e aux joueurs juniors. Elle dispose une surface similaire \u00e0 une raquette adulte ce qui favorise l&#8217;apprentissage du joueur. En forme de losange, son noyau [&hellip;]<\/p>\n","protected":false},"featured_media":107392,"comment_status":"open","ping_status":"closed","template":"","meta":[],"product_cat":[786,84],"product_tag":[],"_links":{"self":[{"href":"https:\/\/www.sport4club.be\/index.php\/wp-json\/wp\/v2\/product\/107391"}],"collection":[{"href":"https:\/\/www.sport4club.be\/index.php\/wp-json\/wp\/v2\/product"}],"about":[{"href":"https:\/\/www.sport4club.be\/index.php\/wp-json\/wp\/v2\/types\/product"}],"replies":[{"embeddable":true,"href":"https:\/\/www.sport4club.be\/index.php\/wp-json\/wp\/v2\/comments?post=107391"}],"wp:featuredmedia":[{"embeddable":true,"href":"https:\/\/www.sport4club.be\/index.php\/wp-json\/wp\/v2\/media\/107392"}],"wp:attachment":[{"href":"https:\/\/www.sport4club.be\/index.php\/wp-json\/wp\/v2\/media?parent=107391"}],"wp:term":[{"taxonomy":"product_cat","embeddable":true,"href":"https:\/\/www.sport4club.be\/index.php\/wp-json\/wp\/v2\/product_cat?post=107391"},{"taxonomy":"product_tag","embeddable":true,"href":"https:\/\/www.sport4club.be\/index.php\/wp-json\/wp\/v2\/product_tag?post=107391"}],"curies":[{"name":"wp","href":"https:\/\/api.w.org\/{rel}","templated":true}]}}