{"id":107179,"date":"2021-06-05T10:51:47","date_gmt":"2021-06-05T08:51:47","guid":{"rendered":"https:\/\/www.sport4club.be\/?post_type=product&#038;p=107179"},"modified":"2024-08-21T10:26:27","modified_gmt":"2024-08-21T08:26:27","slug":"dunlop-padel-team-24x3balles","status":"publish","type":"product","link":"https:\/\/www.sport4club.be\/index.php\/product\/dunlop-padel-team-24x3balles\/","title":{"rendered":"Dunlop Padel Team (24x3balles)"},"content":{"rendered":"<p>D\u00e9couvrez notre carton de\u00a024 tubes de 3 balles Dunlop Team Padel, un choix \u00e9conomique pour les joueurs de tous niveaux. Fabriqu\u00e9es avec des mat\u00e9riaux de qualit\u00e9, ces\u00a0balles\u00a0offrent une performance exceptionnelle sur le court. Avec leur surface en feutre de haute qualit\u00e9, elles offrent une excellente adh\u00e9rence et un rebond r\u00e9gulier pour des \u00e9changes fluides et pr\u00e9cis. Leur r\u00e9sistance \u00e0 l&#8217;usure garantit une dur\u00e9e de vie prolong\u00e9e, ce qui en fait un choix \u00e9conomique pour les joueurs r\u00e9guliers. Ce carton contient 72\u00a0balles\u00a0au total, soit suffisamment pour de nombreuses parties \u00e0 venir.<\/p>\n<ul>\n<li>Carton de 24 tubes de 3 balles Dunlop Team Padel<\/li>\n<li>Balles de qualit\u00e9 sup\u00e9rieure pour une performance exceptionnelle sur le court<\/li>\n<li>Surface en feutre de haute qualit\u00e9 pour une excellente adh\u00e9rence et un rebond r\u00e9gulier<\/li>\n<li>R\u00e9sistance \u00e0 l&#8217;usure pour une dur\u00e9e de vie prolong\u00e9e<\/li>\n<li>Choix \u00e9conomique pour les joueurs r\u00e9guliers<\/li>\n<\/ul>\n<p>Le carton de 24 tubes de 3 balles Dunlop Team Padel est id\u00e9al pour les clubs de padel, les tournois ou les joueurs r\u00e9guliers. Il vous permettra de disposer d&#8217;un stock de\u00a0balles\u00a0pour de nombreuses parties \u00e0 venir, sans avoir \u00e0 vous pr\u00e9occuper de les racheter r\u00e9guli\u00e8rement.<\/p>\n","protected":false},"excerpt":{"rendered":"<p>D\u00e9couvrez notre carton de\u00a024 tubes de 3 balles Dunlop Team Padel, un choix \u00e9conomique pour les joueurs de tous niveaux. Fabriqu\u00e9es avec des mat\u00e9riaux de qualit\u00e9, ces\u00a0balles\u00a0offrent une performance exceptionnelle sur le court. Avec leur surface en feutre de haute qualit\u00e9, elles offrent une excellente adh\u00e9rence et un rebond r\u00e9gulier pour des \u00e9changes fluides et [&hellip;]<\/p>\n","protected":false},"featured_media":107180,"comment_status":"open","ping_status":"closed","template":"","meta":[],"product_cat":[88],"product_tag":[],"_links":{"self":[{"href":"https:\/\/www.sport4club.be\/index.php\/wp-json\/wp\/v2\/product\/107179"}],"collection":[{"href":"https:\/\/www.sport4club.be\/index.php\/wp-json\/wp\/v2\/product"}],"about":[{"href":"https:\/\/www.sport4club.be\/index.php\/wp-json\/wp\/v2\/types\/product"}],"replies":[{"embeddable":true,"href":"https:\/\/www.sport4club.be\/index.php\/wp-json\/wp\/v2\/comments?post=107179"}],"wp:featuredmedia":[{"embeddable":true,"href":"https:\/\/www.sport4club.be\/index.php\/wp-json\/wp\/v2\/media\/107180"}],"wp:attachment":[{"href":"https:\/\/www.sport4club.be\/index.php\/wp-json\/wp\/v2\/media?parent=107179"}],"wp:term":[{"taxonomy":"product_cat","embeddable":true,"href":"https:\/\/www.sport4club.be\/index.php\/wp-json\/wp\/v2\/product_cat?post=107179"},{"taxonomy":"product_tag","embeddable":true,"href":"https:\/\/www.sport4club.be\/index.php\/wp-json\/wp\/v2\/product_tag?post=107179"}],"curies":[{"name":"wp","href":"https:\/\/api.w.org\/{rel}","templated":true}]}}