{"id":107107,"date":"2021-05-17T09:02:17","date_gmt":"2021-05-17T07:02:17","guid":{"rendered":"https:\/\/www.sport4club.be\/?post_type=product&#038;p=107107"},"modified":"2021-05-17T09:03:27","modified_gmt":"2021-05-17T07:03:27","slug":"head-backpack-delta","status":"publish","type":"product","link":"https:\/\/www.sport4club.be\/index.php\/product\/head-backpack-delta\/","title":{"rendered":"Head Backpack Delta"},"content":{"rendered":"<div id=\"tab-description\" class=\"product-attribute description-list\" role=\"tabpanel\" data-role=\"content\" aria-hidden=\"false\"><em>Succombez au superbe design anthracite, noir et corail de ce sac \u00e0 dos tricolore ultra-pratique, et associez-lui vos raquettes de la gamme Delta. <\/em><\/div>\n<div class=\"product-attribute description-list\" role=\"tabpanel\" data-role=\"content\" aria-hidden=\"false\"><em>Tr\u00e8s spacieux et dot\u00e9 de compartiments renforc\u00e9s, il vous permettra de transporter tout ce que vous avez de plus pr\u00e9cieux. <\/em><\/div>\n<div class=\"product-attribute description-list\" role=\"tabpanel\" data-role=\"content\" aria-hidden=\"false\"><em>N\u2019h\u00e9sitez pas \u00e0 emporter ce sac \u00e0 dos partout avec vous.<\/em><\/div>\n<h3 tabindex=\"0\" role=\"tab\" data-role=\"collapsible\" data-collapsible=\"true\" aria-controls=\"tab-facts\" aria-selected=\"false\" aria-expanded=\"false\"><em>VOLUME (L):29<\/em><\/h3>\n<h3 tabindex=\"0\" role=\"tab\" data-role=\"collapsible\" data-collapsible=\"true\" aria-controls=\"tab-facts\" aria-selected=\"false\" aria-expanded=\"false\"><em>DIMENSIONS:35.5 x 46 x 24<\/em><\/h3>\n<h3 tabindex=\"0\" role=\"tab\" data-role=\"collapsible\" data-collapsible=\"true\" aria-controls=\"tab-facts\" aria-selected=\"false\" aria-expanded=\"false\"><em>COMPOSITION (EXT\u00c9RIEUR):25% POLY, 75% PU<\/em><\/h3>\n<h3 tabindex=\"0\" role=\"tab\" data-role=\"collapsible\" data-collapsible=\"true\" aria-controls=\"tab-facts\" aria-selected=\"false\" aria-expanded=\"false\"><em>COMPOSITION (INT\u00c9RIEUR):100% POLY<\/em><\/h3>\n","protected":false},"excerpt":{"rendered":"<p>Succombez au superbe design anthracite, noir et corail de ce sac \u00e0 dos tricolore ultra-pratique, et associez-lui vos raquettes de la gamme Delta. Tr\u00e8s spacieux et dot\u00e9 de compartiments renforc\u00e9s, il vous permettra de transporter tout ce que vous avez de plus pr\u00e9cieux. N\u2019h\u00e9sitez pas \u00e0 emporter ce sac \u00e0 dos partout avec vous. VOLUME [&hellip;]<\/p>\n","protected":false},"featured_media":107109,"comment_status":"open","ping_status":"closed","template":"","meta":[],"product_cat":[89],"product_tag":[],"_links":{"self":[{"href":"https:\/\/www.sport4club.be\/index.php\/wp-json\/wp\/v2\/product\/107107"}],"collection":[{"href":"https:\/\/www.sport4club.be\/index.php\/wp-json\/wp\/v2\/product"}],"about":[{"href":"https:\/\/www.sport4club.be\/index.php\/wp-json\/wp\/v2\/types\/product"}],"replies":[{"embeddable":true,"href":"https:\/\/www.sport4club.be\/index.php\/wp-json\/wp\/v2\/comments?post=107107"}],"wp:featuredmedia":[{"embeddable":true,"href":"https:\/\/www.sport4club.be\/index.php\/wp-json\/wp\/v2\/media\/107109"}],"wp:attachment":[{"href":"https:\/\/www.sport4club.be\/index.php\/wp-json\/wp\/v2\/media?parent=107107"}],"wp:term":[{"taxonomy":"product_cat","embeddable":true,"href":"https:\/\/www.sport4club.be\/index.php\/wp-json\/wp\/v2\/product_cat?post=107107"},{"taxonomy":"product_tag","embeddable":true,"href":"https:\/\/www.sport4club.be\/index.php\/wp-json\/wp\/v2\/product_tag?post=107107"}],"curies":[{"name":"wp","href":"https:\/\/api.w.org\/{rel}","templated":true}]}}