{"id":107057,"date":"2021-05-08T18:43:10","date_gmt":"2021-05-08T16:43:10","guid":{"rendered":"https:\/\/www.sport4club.be\/?post_type=product&#038;p=107057"},"modified":"2021-12-19T18:22:30","modified_gmt":"2021-12-19T17:22:30","slug":"siux-genesis-power-protection-tshirt","status":"publish","type":"product","link":"https:\/\/www.sport4club.be\/index.php\/product\/siux-genesis-power-protection-tshirt\/","title":{"rendered":"Siux Genesis Power + Protection + Tshirt"},"content":{"rendered":"<p><em>La raquette de padel Siux Genesis Power est le mod\u00e8le que tout le monde attendait. La gamme Genesis est l\u00e0 et offre donc les meilleures performances pour les joueurs exigeants de haut niveau.<\/em><\/p>\n<p><em>Le Siux Genesis Power se distingue par le Vibrastop K-2.0 qu\u2019il a int\u00e9gr\u00e9 au c\u0153ur. Cela permet une r\u00e9duction maximale des vibrations et offre un confort suppl\u00e9mentaire lors des coups. De plus, son noyau est constitu\u00e9 d\u2019une mousse EVA Soft en 5 couches de haute r\u00e9sistance, qui offre un amorti sup\u00e9rieur \u00e0 chaque coup pour augmenter le contr\u00f4le et offrir un dynamisme maximal.<\/em><\/p>\n<p><em>Les autres nouveaut\u00e9s sont les mat\u00e9riaux avec lesquels les faces ont \u00e9t\u00e9 compos\u00e9es : le Carbon Tex TITANCARBON 21K. Ce carbone offre une puissance spectaculaire et une plus grande r\u00e9sistance. Pour sa part, le cadre est en carbone-kevlar bi-tubulaire et augmente la durabilit\u00e9 de la raquette contre les impacts.<\/em><\/p>\n<p><em>Ainsi, elle offre un excellent contr\u00f4le, mais constitue \u00e9galement une raquette id\u00e9ale pour les joueurs attaquants. En bref, cette gamme nouvelle Genesis est id\u00e9ale \u00e0 la fois pour jouer au fond du terrain et pour frapper la balle fort au filet. En outre, cette nouvelle raquette a \u00e9t\u00e9 con\u00e7ue pour tous les joueurs.<\/em><\/p>\n<p><em><strong>GRATUIT :\u00a0 1 Protection de raquette (5,95\u20ac)+ 1 Tshirt (22,95\u20ac) : la couleur peut varier selon la disponibilit\u00e9<\/strong><\/em><\/p>\n","protected":false},"excerpt":{"rendered":"<p>La raquette de padel Siux Genesis Power est le mod\u00e8le que tout le monde attendait. La gamme Genesis est l\u00e0 et offre donc les meilleures performances pour les joueurs exigeants de haut niveau. Le Siux Genesis Power se distingue par le Vibrastop K-2.0 qu\u2019il a int\u00e9gr\u00e9 au c\u0153ur. Cela permet une r\u00e9duction maximale des vibrations [&hellip;]<\/p>\n","protected":false},"featured_media":107058,"comment_status":"open","ping_status":"closed","template":"","meta":[],"product_cat":[84],"product_tag":[],"_links":{"self":[{"href":"https:\/\/www.sport4club.be\/index.php\/wp-json\/wp\/v2\/product\/107057"}],"collection":[{"href":"https:\/\/www.sport4club.be\/index.php\/wp-json\/wp\/v2\/product"}],"about":[{"href":"https:\/\/www.sport4club.be\/index.php\/wp-json\/wp\/v2\/types\/product"}],"replies":[{"embeddable":true,"href":"https:\/\/www.sport4club.be\/index.php\/wp-json\/wp\/v2\/comments?post=107057"}],"wp:featuredmedia":[{"embeddable":true,"href":"https:\/\/www.sport4club.be\/index.php\/wp-json\/wp\/v2\/media\/107058"}],"wp:attachment":[{"href":"https:\/\/www.sport4club.be\/index.php\/wp-json\/wp\/v2\/media?parent=107057"}],"wp:term":[{"taxonomy":"product_cat","embeddable":true,"href":"https:\/\/www.sport4club.be\/index.php\/wp-json\/wp\/v2\/product_cat?post=107057"},{"taxonomy":"product_tag","embeddable":true,"href":"https:\/\/www.sport4club.be\/index.php\/wp-json\/wp\/v2\/product_tag?post=107057"}],"curies":[{"name":"wp","href":"https:\/\/api.w.org\/{rel}","templated":true}]}}