{"id":106749,"date":"2021-05-06T10:53:57","date_gmt":"2021-05-06T08:53:57","guid":{"rendered":"https:\/\/www.sport4club.be\/?post_type=product&#038;p=106749"},"modified":"2021-12-19T18:22:52","modified_gmt":"2021-12-19T17:22:52","slug":"siux-trilogy-attack-protection","status":"publish","type":"product","link":"https:\/\/www.sport4club.be\/index.php\/product\/siux-trilogy-attack-protection\/","title":{"rendered":"Siux Trilogy Attack + Protection + TShirt"},"content":{"rendered":"<p><em>La raquette de padel\u00a0 Siux Trilogy Attack est con\u00e7ue pour les joueurs qui aiment frapper la balle tr\u00e8s fort. Son \u00e9quilibre haut permet de mettre un maximum de punch dans chaque frappe.<\/em><\/p>\n<p><em>La nouvelle gamme Trilogy comprend le syst\u00e8me PentaCore, un coeur en Kevlar et en carbone qui \u00e9limine les vibrations et offre un plus grand confort. Elle comprend le nouveau Carbon TEX 24K, un mat\u00e9riau offrant une r\u00e9sistance et une durabilit\u00e9 accrues, ainsi qu\u2019une sortie de balle incroyable. Le cadre est un double tube de carbone, ce qui augmente la puissance et la rigidit\u00e9.<\/em><\/p>\n<p><em>De plus, le noyau est constitu\u00e9 d\u2019une mousse EVA Soft en 5 couches de haute r\u00e9sistance. Cette mousse offre un rebond maximal et un amorti \u00e0 chaque frappe, ce qui contribuera \u00e0 un meilleur contr\u00f4le.<\/em><\/p>\n<p><em>Son rev\u00eatement mate permet ainsi une meilleure prise d\u2019effet sur chaque balle.<\/em><\/p>\n<p><em><strong>GRATUIT :\u00a0 1 Protection de raquette (5,95\u20ac)+ 1 Tshirt (22,95\u20ac) : la couleur peut varier selon la disponibilit\u00e9<\/strong><\/em><\/p>\n<p>&nbsp;<\/p>\n","protected":false},"excerpt":{"rendered":"<p>La raquette de padel\u00a0 Siux Trilogy Attack est con\u00e7ue pour les joueurs qui aiment frapper la balle tr\u00e8s fort. Son \u00e9quilibre haut permet de mettre un maximum de punch dans chaque frappe. La nouvelle gamme Trilogy comprend le syst\u00e8me PentaCore, un coeur en Kevlar et en carbone qui \u00e9limine les vibrations et offre un plus [&hellip;]<\/p>\n","protected":false},"featured_media":107091,"comment_status":"open","ping_status":"closed","template":"","meta":[],"product_cat":[84],"product_tag":[],"_links":{"self":[{"href":"https:\/\/www.sport4club.be\/index.php\/wp-json\/wp\/v2\/product\/106749"}],"collection":[{"href":"https:\/\/www.sport4club.be\/index.php\/wp-json\/wp\/v2\/product"}],"about":[{"href":"https:\/\/www.sport4club.be\/index.php\/wp-json\/wp\/v2\/types\/product"}],"replies":[{"embeddable":true,"href":"https:\/\/www.sport4club.be\/index.php\/wp-json\/wp\/v2\/comments?post=106749"}],"wp:featuredmedia":[{"embeddable":true,"href":"https:\/\/www.sport4club.be\/index.php\/wp-json\/wp\/v2\/media\/107091"}],"wp:attachment":[{"href":"https:\/\/www.sport4club.be\/index.php\/wp-json\/wp\/v2\/media?parent=106749"}],"wp:term":[{"taxonomy":"product_cat","embeddable":true,"href":"https:\/\/www.sport4club.be\/index.php\/wp-json\/wp\/v2\/product_cat?post=106749"},{"taxonomy":"product_tag","embeddable":true,"href":"https:\/\/www.sport4club.be\/index.php\/wp-json\/wp\/v2\/product_tag?post=106749"}],"curies":[{"name":"wp","href":"https:\/\/api.w.org\/{rel}","templated":true}]}}