{"id":106736,"date":"2021-05-04T11:36:08","date_gmt":"2021-05-04T09:36:08","guid":{"rendered":"https:\/\/www.sport4club.be\/?post_type=product&#038;p=106736"},"modified":"2022-07-06T12:13:45","modified_gmt":"2022-07-06T10:13:45","slug":"bullpadel-box-sensogrip-couleur-50pces","status":"publish","type":"product","link":"https:\/\/www.sport4club.be\/index.php\/product\/bullpadel-box-sensogrip-couleur-50pces\/","title":{"rendered":"Bullpadel Overgrip Color GB-1604 50pces"},"content":{"rendered":"<p style=\"font-weight: 400;\"><em>Les\u00a0overgrips GB-1604, sont des surgrips qui sont dot\u00e9s du\u00a0syst\u00e8me HaC.<\/em><\/p>\n<p style=\"font-weight: 400;\"><em>Avec le\u00a0syst\u00e8me HaC, la\u00a0suj\u00e9tion est plus ferme et plus s\u00fbre gr\u00e2ce \u00e0 sa capacit\u00e9 d\u2019absorption de l\u2019humidit\u00e9.\u00a0Le syst\u00e8me HaC aide \u00e0 \u00e9liminer la sueur et\u00a0augmente ainsi le confort\u00a0pendant le jeu.<\/em><\/p>\n<p style=\"font-weight: 400;\"><em>Ils fournissent une protection \u00e0 la raquette contre l\u2019usure\u00a0de la poign\u00e9e.<\/em><\/p>\n<p style=\"font-weight: 400;\"><em>Ils offrent \u00e9galement une excellente adh\u00e9rence et suj\u00e9tion.\u00a0Toucher doux.<\/em><\/p>\n<p style=\"font-weight: 400;\"><em>Pack de 3\u00a0unit\u00e9s.<\/em><\/p>\n<p style=\"font-weight: 400;\"><em>Syst\u00e8me HaC<\/em><\/p>\n<p style=\"font-weight: 400;\"><em>Couleur:\u00a0Assorti.<\/em><\/p>\n","protected":false},"excerpt":{"rendered":"<p>Les\u00a0overgrips GB-1604, sont des surgrips qui sont dot\u00e9s du\u00a0syst\u00e8me HaC. Avec le\u00a0syst\u00e8me HaC, la\u00a0suj\u00e9tion est plus ferme et plus s\u00fbre gr\u00e2ce \u00e0 sa capacit\u00e9 d\u2019absorption de l\u2019humidit\u00e9.\u00a0Le syst\u00e8me HaC aide \u00e0 \u00e9liminer la sueur et\u00a0augmente ainsi le confort\u00a0pendant le jeu. Ils fournissent une protection \u00e0 la raquette contre l\u2019usure\u00a0de la poign\u00e9e. Ils offrent \u00e9galement une [&hellip;]<\/p>\n","protected":false},"featured_media":106737,"comment_status":"open","ping_status":"closed","template":"","meta":[],"product_cat":[87],"product_tag":[],"_links":{"self":[{"href":"https:\/\/www.sport4club.be\/index.php\/wp-json\/wp\/v2\/product\/106736"}],"collection":[{"href":"https:\/\/www.sport4club.be\/index.php\/wp-json\/wp\/v2\/product"}],"about":[{"href":"https:\/\/www.sport4club.be\/index.php\/wp-json\/wp\/v2\/types\/product"}],"replies":[{"embeddable":true,"href":"https:\/\/www.sport4club.be\/index.php\/wp-json\/wp\/v2\/comments?post=106736"}],"wp:featuredmedia":[{"embeddable":true,"href":"https:\/\/www.sport4club.be\/index.php\/wp-json\/wp\/v2\/media\/106737"}],"wp:attachment":[{"href":"https:\/\/www.sport4club.be\/index.php\/wp-json\/wp\/v2\/media?parent=106736"}],"wp:term":[{"taxonomy":"product_cat","embeddable":true,"href":"https:\/\/www.sport4club.be\/index.php\/wp-json\/wp\/v2\/product_cat?post=106736"},{"taxonomy":"product_tag","embeddable":true,"href":"https:\/\/www.sport4club.be\/index.php\/wp-json\/wp\/v2\/product_tag?post=106736"}],"curies":[{"name":"wp","href":"https:\/\/api.w.org\/{rel}","templated":true}]}}