{"id":106718,"date":"2021-05-04T10:31:37","date_gmt":"2021-05-04T08:31:37","guid":{"rendered":"https:\/\/www.sport4club.be\/?post_type=product&#038;p=106718"},"modified":"2025-02-17T20:14:07","modified_gmt":"2025-02-17T19:14:07","slug":"head-surgrip-bela-pro-blanc","status":"publish","type":"product","link":"https:\/\/www.sport4club.be\/index.php\/product\/head-surgrip-bela-pro-blanc\/","title":{"rendered":"Head Overgrip Bela Pro White x3pces"},"content":{"rendered":"<p><em>L&#8217;exigence d&#8217;un num\u00e9ro 1 mondial \u00e0 13 reprises dans un grip. C&#8217;est ce que propose le surgrip de padel\u00a0Bela Pro\u00a0de chez\u00a0Head.<\/em><\/p>\n<p><em>Le\u00a0Bela Pro\u00a0va vous permettre de r\u00e9aliser vos coups en toute confiance gr\u00e2ce \u00e0 son excellente absorption de la transpiration ainsi que sa texture adh\u00e9rente et agr\u00e9able au toucher !<\/em><\/p>\n","protected":false},"excerpt":{"rendered":"<p>L&#8217;exigence d&#8217;un num\u00e9ro 1 mondial \u00e0 13 reprises dans un grip. C&#8217;est ce que propose le surgrip de padel\u00a0Bela Pro\u00a0de chez\u00a0Head. Le\u00a0Bela Pro\u00a0va vous permettre de r\u00e9aliser vos coups en toute confiance gr\u00e2ce \u00e0 son excellente absorption de la transpiration ainsi que sa texture adh\u00e9rente et agr\u00e9able au toucher !<\/p>\n","protected":false},"featured_media":106717,"comment_status":"open","ping_status":"closed","template":"","meta":[],"product_cat":[87],"product_tag":[],"_links":{"self":[{"href":"https:\/\/www.sport4club.be\/index.php\/wp-json\/wp\/v2\/product\/106718"}],"collection":[{"href":"https:\/\/www.sport4club.be\/index.php\/wp-json\/wp\/v2\/product"}],"about":[{"href":"https:\/\/www.sport4club.be\/index.php\/wp-json\/wp\/v2\/types\/product"}],"replies":[{"embeddable":true,"href":"https:\/\/www.sport4club.be\/index.php\/wp-json\/wp\/v2\/comments?post=106718"}],"wp:featuredmedia":[{"embeddable":true,"href":"https:\/\/www.sport4club.be\/index.php\/wp-json\/wp\/v2\/media\/106717"}],"wp:attachment":[{"href":"https:\/\/www.sport4club.be\/index.php\/wp-json\/wp\/v2\/media?parent=106718"}],"wp:term":[{"taxonomy":"product_cat","embeddable":true,"href":"https:\/\/www.sport4club.be\/index.php\/wp-json\/wp\/v2\/product_cat?post=106718"},{"taxonomy":"product_tag","embeddable":true,"href":"https:\/\/www.sport4club.be\/index.php\/wp-json\/wp\/v2\/product_tag?post=106718"}],"curies":[{"name":"wp","href":"https:\/\/api.w.org\/{rel}","templated":true}]}}