{"id":106700,"date":"2021-05-01T10:21:18","date_gmt":"2021-05-01T08:21:18","guid":{"rendered":"https:\/\/www.sport4club.be\/?post_type=product&#038;p=106700"},"modified":"2026-04-13T10:40:41","modified_gmt":"2026-04-13T08:40:41","slug":"nox-porte-clefs","status":"publish","type":"product","link":"https:\/\/www.sport4club.be\/index.php\/product\/nox-porte-clefs\/","title":{"rendered":"Nox Porte-Clefs"},"content":{"rendered":"<p>Accessoire id\u00e9al pour transporter les cl\u00e9s de votre casier ou les placer dans la fermeture \u00e9clair de votre sac de padel ou de votre sac \u00e0 dos Nox.<\/p>\n<p>Un cadeau original pour les amoureux du padel.<\/p>\n","protected":false},"excerpt":{"rendered":"<p>Accessoire id\u00e9al pour transporter les cl\u00e9s de votre casier ou les placer dans la fermeture \u00e9clair de votre sac de padel ou de votre sac \u00e0 dos Nox. Un cadeau original pour les amoureux du padel.<\/p>\n","protected":false},"featured_media":115736,"comment_status":"open","ping_status":"closed","template":"","meta":[],"product_cat":[87],"product_tag":[],"_links":{"self":[{"href":"https:\/\/www.sport4club.be\/index.php\/wp-json\/wp\/v2\/product\/106700"}],"collection":[{"href":"https:\/\/www.sport4club.be\/index.php\/wp-json\/wp\/v2\/product"}],"about":[{"href":"https:\/\/www.sport4club.be\/index.php\/wp-json\/wp\/v2\/types\/product"}],"replies":[{"embeddable":true,"href":"https:\/\/www.sport4club.be\/index.php\/wp-json\/wp\/v2\/comments?post=106700"}],"wp:featuredmedia":[{"embeddable":true,"href":"https:\/\/www.sport4club.be\/index.php\/wp-json\/wp\/v2\/media\/115736"}],"wp:attachment":[{"href":"https:\/\/www.sport4club.be\/index.php\/wp-json\/wp\/v2\/media?parent=106700"}],"wp:term":[{"taxonomy":"product_cat","embeddable":true,"href":"https:\/\/www.sport4club.be\/index.php\/wp-json\/wp\/v2\/product_cat?post=106700"},{"taxonomy":"product_tag","embeddable":true,"href":"https:\/\/www.sport4club.be\/index.php\/wp-json\/wp\/v2\/product_tag?post=106700"}],"curies":[{"name":"wp","href":"https:\/\/api.w.org\/{rel}","templated":true}]}}