{"id":106348,"date":"2021-04-11T16:18:42","date_gmt":"2021-04-11T14:18:42","guid":{"rendered":"https:\/\/www.sport4club.be\/?post_type=product&#038;p=106348"},"modified":"2023-10-31T10:15:37","modified_gmt":"2023-10-31T09:15:37","slug":"black-crown-piton-air","status":"publish","type":"product","link":"https:\/\/www.sport4club.be\/index.php\/product\/black-crown-piton-air\/","title":{"rendered":"Black Crown Piton Air"},"content":{"rendered":"<p><em>La raquette Piton Air dispose d&#8217;une forme ronde et int\u00e8gre la technologie dans le manche AVAIR afin de r\u00e9duire davantage les vibrations. Cela permet d&#8217;\u00e9viter la fatigue musculaire et donc les risques de blessure. Le noyau en caoutchouc EVA de duret\u00e9 moyenne est recouverte de deux couches de fibre de verre et d&#8217;une couche de fibre 3K en carbone.<\/em><\/p>\n<p><em>Ce cadre est r\u00e9sistant aux chocs gr\u00e2ce \u00e0 une composition de 80% en carbone.<\/em><\/p>\n<p><em>Cette raquette de padel est choisie par Adrian Allemandi, joueur du WPT.<\/em><\/p>\n","protected":false},"excerpt":{"rendered":"<p>La raquette Piton Air dispose d&#8217;une forme ronde et int\u00e8gre la technologie dans le manche AVAIR afin de r\u00e9duire davantage les vibrations. Cela permet d&#8217;\u00e9viter la fatigue musculaire et donc les risques de blessure. Le noyau en caoutchouc EVA de duret\u00e9 moyenne est recouverte de deux couches de fibre de verre et d&#8217;une couche de [&hellip;]<\/p>\n","protected":false},"featured_media":106349,"comment_status":"open","ping_status":"closed","template":"","meta":[],"product_cat":[786,84],"product_tag":[],"_links":{"self":[{"href":"https:\/\/www.sport4club.be\/index.php\/wp-json\/wp\/v2\/product\/106348"}],"collection":[{"href":"https:\/\/www.sport4club.be\/index.php\/wp-json\/wp\/v2\/product"}],"about":[{"href":"https:\/\/www.sport4club.be\/index.php\/wp-json\/wp\/v2\/types\/product"}],"replies":[{"embeddable":true,"href":"https:\/\/www.sport4club.be\/index.php\/wp-json\/wp\/v2\/comments?post=106348"}],"wp:featuredmedia":[{"embeddable":true,"href":"https:\/\/www.sport4club.be\/index.php\/wp-json\/wp\/v2\/media\/106349"}],"wp:attachment":[{"href":"https:\/\/www.sport4club.be\/index.php\/wp-json\/wp\/v2\/media?parent=106348"}],"wp:term":[{"taxonomy":"product_cat","embeddable":true,"href":"https:\/\/www.sport4club.be\/index.php\/wp-json\/wp\/v2\/product_cat?post=106348"},{"taxonomy":"product_tag","embeddable":true,"href":"https:\/\/www.sport4club.be\/index.php\/wp-json\/wp\/v2\/product_tag?post=106348"}],"curies":[{"name":"wp","href":"https:\/\/api.w.org\/{rel}","templated":true}]}}