{"id":106346,"date":"2021-04-10T19:26:27","date_gmt":"2021-04-10T17:26:27","guid":{"rendered":"https:\/\/www.sport4club.be\/?post_type=product&#038;p=106346"},"modified":"2023-07-28T10:30:00","modified_gmt":"2023-07-28T08:30:00","slug":"black-crown-piton-9-0-soft","status":"publish","type":"product","link":"https:\/\/www.sport4club.be\/index.php\/product\/black-crown-piton-9-0-soft\/","title":{"rendered":"Black Crown Piton 9.0 Soft"},"content":{"rendered":"<p><em>La Piton 9.0 Soft est une raquette de Padel souple qui permet de bien sentir la balle lors de l&#8217;impact. Sa forme ronde permettra de gagner en contr\u00f4le de balle ainsi qu&#8217;en tol\u00e9rance. Elle reste cependant \u00e0 dominante puissance sans perdre le contr\u00f4le des coups.<\/em><\/p>\n<p><em>Elle est con\u00e7ue avec une combinaison de couche d&#8217;aluminium 3k et d&#8217;un noyau souple Eva Power afin d&#8217;am\u00e9liorer la puissance et faciliter la sortie des balles.<\/em><\/p>\n<p><em>C&#8217;est une raquette tr\u00e8s confortable, maniable, puissante et dot\u00e9e d&#8217;une grande stabilit\u00e9.<\/em><\/p>\n","protected":false},"excerpt":{"rendered":"<p>La Piton 9.0 Soft est une raquette de Padel souple qui permet de bien sentir la balle lors de l&#8217;impact. Sa forme ronde permettra de gagner en contr\u00f4le de balle ainsi qu&#8217;en tol\u00e9rance. Elle reste cependant \u00e0 dominante puissance sans perdre le contr\u00f4le des coups. Elle est con\u00e7ue avec une combinaison de couche d&#8217;aluminium 3k [&hellip;]<\/p>\n","protected":false},"featured_media":106347,"comment_status":"open","ping_status":"closed","template":"","meta":[],"product_cat":[786,84],"product_tag":[],"_links":{"self":[{"href":"https:\/\/www.sport4club.be\/index.php\/wp-json\/wp\/v2\/product\/106346"}],"collection":[{"href":"https:\/\/www.sport4club.be\/index.php\/wp-json\/wp\/v2\/product"}],"about":[{"href":"https:\/\/www.sport4club.be\/index.php\/wp-json\/wp\/v2\/types\/product"}],"replies":[{"embeddable":true,"href":"https:\/\/www.sport4club.be\/index.php\/wp-json\/wp\/v2\/comments?post=106346"}],"wp:featuredmedia":[{"embeddable":true,"href":"https:\/\/www.sport4club.be\/index.php\/wp-json\/wp\/v2\/media\/106347"}],"wp:attachment":[{"href":"https:\/\/www.sport4club.be\/index.php\/wp-json\/wp\/v2\/media?parent=106346"}],"wp:term":[{"taxonomy":"product_cat","embeddable":true,"href":"https:\/\/www.sport4club.be\/index.php\/wp-json\/wp\/v2\/product_cat?post=106346"},{"taxonomy":"product_tag","embeddable":true,"href":"https:\/\/www.sport4club.be\/index.php\/wp-json\/wp\/v2\/product_tag?post=106346"}],"curies":[{"name":"wp","href":"https:\/\/api.w.org\/{rel}","templated":true}]}}