{"id":106182,"date":"2021-03-20T15:58:00","date_gmt":"2021-03-20T14:58:00","guid":{"rendered":"https:\/\/www.sport4club.be\/?post_type=product&#038;p=106182"},"modified":"2026-01-18T09:06:54","modified_gmt":"2026-01-18T08:06:54","slug":"nox-shoe-at10-lux-black-red","status":"publish","type":"product","link":"https:\/\/www.sport4club.be\/index.php\/product\/nox-shoe-at10-lux-black-red\/","title":{"rendered":"Nox Shoes AT10 Lux Black\/Red"},"content":{"rendered":"<p><em><strong>\u00a0 \u00a0 \u00a0 \u00a0 \u00a0 \u00a0 \u00a0 \u00a0 \u00a0 \u00a0 \u00a0 \u00a0 \u00a0 \u00a0 \u00a0 \u00a0 \u00a0 \u00a0\u00a0<\/strong><\/em><em><strong> \u00a0 \u00a0 \u00a0 \u00a0 \u00a0 \u00a0 \u00a0 \u00a0 \u00a0 \u00a0 \u00a0 \u00a0 \u00a0 \u00a0 \u00a0 \u00a0 \u00a0 \u00a0 \u00a0Guide des Pointures<\/strong><\/em><\/p>\n<p><strong><img decoding=\"async\" src=\"https:\/\/cdn.shopify.com\/s\/files\/1\/2232\/3715\/files\/CATALOGO_SHOES_2021_NOX_480x480.jpg?v=1616601073\" alt=\"\" \/><\/strong><\/p>\n<p class=\"p1\">La premi\u00e8re chaussure de paddle-tennis con\u00e7ue pour votre sant\u00e9, approuv\u00e9e cliniquement et certifi\u00e9e en laboratoire.<\/p>\n<p class=\"p1\">Les chaussures NOX ont \u00e9t\u00e9 sp\u00e9cialement con\u00e7ues pour minimiser les risques de blessures et optimiser les performances du joueur de paddle-tennis.<\/p>\n<p class=\"p1\"><strong>Cliniquement approuv\u00e9 par Marta Rueda<\/strong>\u00a0, podiatre au Centre d&#8217;\u00e9tudes du pied Mart\u00edn Rueda, conseill\u00e8re du Centre sportif de haute performance de Sant Cugat (Espagne) et des centaines d&#8217;athl\u00e8tes d&#8217;\u00e9lite.<\/p>\n<p class=\"p1\"><img decoding=\"async\" style=\"display: block; margin-left: auto; margin-right: auto;\" src=\"https:\/\/martinrueda.com\/wp-content\/uploads\/2015\/12\/JIrun12874767.jpg\" alt=\"\u00c0 propos de nous - Martin Rueda\" \/><\/p>\n<p class=\"p1\"><strong>Laboratoire test\u00e9<\/strong>\u00a0et certifi\u00e9 par le\u00a0<strong>centre<\/strong>\u00a0technologique\u00a0<strong>INESCOP<\/strong>\u00a0Footwear\u00a0, \u00e0 Alicante, Espagne.<\/p>\n<div style=\"text-align: left;\"><img decoding=\"async\" style=\"margin-right: auto; margin-left: auto; float: none; display: block;\" src=\"https:\/\/cdn.shopify.com\/s\/files\/1\/2232\/3715\/files\/INESCOP_FUNCTIONAL_160x160.png?v=1614166020\" alt=\"\" \/><\/div>\n<h2 style=\"text-align: left;\">Les technologies<\/h2>\n<div style=\"text-align: left;\"><\/div>\n<div style=\"text-align: left;\"><\/div>\n<div style=\"text-align: left;\">\n<div class=\"table-wrapper\">\n<table width=\"100%\">\n<tbody>\n<tr>\n<td><img decoding=\"async\" style=\"display: block; margin-left: auto; margin-right: auto;\" src=\"https:\/\/cdn.shopify.com\/s\/files\/1\/2232\/3715\/files\/AGG_1f3dfe16-1699-41f1-a718-41a3ce6eb999_160x160.png?v=1614172318\" alt=\"\" \/><\/td>\n<td>\u00a0<img decoding=\"async\" style=\"display: block; margin-left: auto; margin-right: auto;\" src=\"https:\/\/cdn.shopify.com\/s\/files\/1\/2232\/3715\/files\/AGG_zap_95d48d77-b9d3-4661-870d-5823cca4cdc7_160x160.png?v=1614172503\" alt=\"\" \/><\/td>\n<\/tr>\n<\/tbody>\n<\/table>\n<\/div>\n<p>La\u00a0technologie\u00a0<strong>AGG<\/strong>\u00a0(Advanced Gravity Geometry) permet un plus grand \u00abdrop\u00bb (hauteur du talon par rapport \u00e0 la zone des orteils), facilitant la position d&#8217;attente du joueur et les d\u00e9parts en course.\u00a0R\u00e9duit la surcharge des mollets et MINIMISE LE RISQUE DE BLESSURES musculaires.<\/p>\n<div class=\"table-wrapper\">\n<table width=\"100%\">\n<tbody>\n<tr>\n<td><img decoding=\"async\" style=\"float: none; display: block; margin-left: auto; margin-right: auto;\" src=\"https:\/\/cdn.shopify.com\/s\/files\/1\/2232\/3715\/files\/LATERAL_SUPPORT_160x160.png?v=1614173011\" width=\"160x160\" height=\"160x160\" \/><\/td>\n<td>\u00a0<img decoding=\"async\" style=\"display: block; margin-left: auto; margin-right: auto;\" src=\"https:\/\/cdn.shopify.com\/s\/files\/1\/2232\/3715\/files\/lateral_support_posicion_160x160.png?v=1614172986\" alt=\"\" \/><\/td>\n<\/tr>\n<\/tbody>\n<\/table>\n<\/div>\n<p class=\"p1\">Une plus grande STABILIT\u00c9 gr\u00e2ce \u00e0 la technologie\u00a0<strong>LATERAL SUPPORT<\/strong>\u00a0, qui offre une plus grande surface de contact entre la semelle et le sol et minimise le risque de torsion dans les mouvements lat\u00e9raux.<\/p>\n<div class=\"table-wrapper\">\n<table width=\"100%\">\n<tbody>\n<tr>\n<td><img decoding=\"async\" style=\"display: block; margin-left: auto; margin-right: auto;\" src=\"https:\/\/cdn.shopify.com\/s\/files\/1\/2232\/3715\/files\/suela_2_160x160.png?v=1614173351\" alt=\"\" \/><\/td>\n<td>\u00a0<img decoding=\"async\" style=\"display: block; margin-left: auto; margin-right: auto;\" src=\"https:\/\/cdn.shopify.com\/s\/files\/1\/2232\/3715\/files\/suela_160x160.png?v=1614173320\" alt=\"\" \/><\/td>\n<\/tr>\n<\/tbody>\n<\/table>\n<\/div>\n<p class=\"p1\">Semelle ext\u00e9rieure\u00a0<strong>GRIP<\/strong>\u00a0optimale qui combine le motif \u00e0 chevrons avec de petits clous.<\/p>\n<div class=\"table-wrapper\">\n<table width=\"100%\">\n<tbody>\n<tr>\n<td><img decoding=\"async\" style=\"display: block; margin-left: auto; margin-right: auto;\" src=\"https:\/\/cdn.shopify.com\/s\/files\/1\/2232\/3715\/files\/ABRAXONE_160x160.png?v=1614173797\" alt=\"\" \/><\/td>\n<td>\u00a0<img decoding=\"async\" src=\"https:\/\/cdn.shopify.com\/s\/files\/1\/2232\/3715\/files\/amortiguacion_160x160.png?v=1614174028\" alt=\"\" \/><\/td>\n<\/tr>\n<\/tbody>\n<\/table>\n<\/div>\n<p class=\"p1\"><strong>AMORTISSEMENT<\/strong>\u00a0et retour d&#8217;\u00e9nergie\u00a0maximum\u00a0gr\u00e2ce \u00e0 l&#8217;assemblage Strobel de la semelle en caoutchouc pop-corn EVA et de la semelle intercalaire en phylon inject\u00e9 basse densit\u00e9.\u00a0Renfort lat\u00e9ral interne (AbraXone) pour augmenter la r\u00e9sistance \u00e0 l&#8217;abrasion et offrir \u00e0 la chaussure une plus grande stabilit\u00e9.<\/p>\n<div class=\"table-wrapper\">\n<table style=\"font-family: -apple-system, BlinkMacSystemFont, 'San Francisco', 'Segoe UI', Roboto, 'Helvetica Neue', sans-serif; font-size: 1.4em;\" width=\"100%\">\n<tbody>\n<tr>\n<td><img decoding=\"async\" style=\"display: block; margin-left: auto; margin-right: auto;\" src=\"https:\/\/cdn.shopify.com\/s\/files\/1\/2232\/3715\/files\/ORTHOLITE_160x160.png?v=1614173494\" alt=\"\" \/><\/td>\n<td>\u00a0<img decoding=\"async\" style=\"display: block; margin-left: auto; margin-right: auto;\" src=\"https:\/\/cdn.shopify.com\/s\/files\/1\/2232\/3715\/files\/ortholite_posicion_160x160.png?v=1614173654\" alt=\"\" \/><\/td>\n<\/tr>\n<\/tbody>\n<\/table>\n<\/div>\n<p class=\"p1\">Semelle int\u00e9rieure antibact\u00e9rienne qui maximise le\u00a0<strong>SUPPORT<\/strong>\u00a0et le\u00a0<strong>CONFORT<\/strong>\u00a0.\u00a0R\u00e9sistant aux d\u00e9formations r\u00e9sultant d&#8217;une utilisation continue.<\/p>\n<\/div>\n","protected":false},"excerpt":{"rendered":"<p>\u00a0 \u00a0 \u00a0 \u00a0 \u00a0 \u00a0 \u00a0 \u00a0 \u00a0 \u00a0 \u00a0 \u00a0 \u00a0 \u00a0 \u00a0 \u00a0 \u00a0 \u00a0\u00a0 \u00a0 \u00a0 \u00a0 \u00a0 \u00a0 \u00a0 \u00a0 \u00a0 \u00a0 \u00a0 \u00a0 \u00a0 \u00a0 \u00a0 \u00a0 \u00a0 \u00a0 \u00a0 \u00a0Guide des Pointures La premi\u00e8re chaussure de paddle-tennis con\u00e7ue pour votre sant\u00e9, approuv\u00e9e cliniquement et certifi\u00e9e en laboratoire. Les [&hellip;]<\/p>\n","protected":false},"featured_media":106183,"comment_status":"open","ping_status":"closed","template":"","meta":[],"product_cat":[124,786],"product_tag":[],"_links":{"self":[{"href":"https:\/\/www.sport4club.be\/index.php\/wp-json\/wp\/v2\/product\/106182"}],"collection":[{"href":"https:\/\/www.sport4club.be\/index.php\/wp-json\/wp\/v2\/product"}],"about":[{"href":"https:\/\/www.sport4club.be\/index.php\/wp-json\/wp\/v2\/types\/product"}],"replies":[{"embeddable":true,"href":"https:\/\/www.sport4club.be\/index.php\/wp-json\/wp\/v2\/comments?post=106182"}],"wp:featuredmedia":[{"embeddable":true,"href":"https:\/\/www.sport4club.be\/index.php\/wp-json\/wp\/v2\/media\/106183"}],"wp:attachment":[{"href":"https:\/\/www.sport4club.be\/index.php\/wp-json\/wp\/v2\/media?parent=106182"}],"wp:term":[{"taxonomy":"product_cat","embeddable":true,"href":"https:\/\/www.sport4club.be\/index.php\/wp-json\/wp\/v2\/product_cat?post=106182"},{"taxonomy":"product_tag","embeddable":true,"href":"https:\/\/www.sport4club.be\/index.php\/wp-json\/wp\/v2\/product_tag?post=106182"}],"curies":[{"name":"wp","href":"https:\/\/api.w.org\/{rel}","templated":true}]}}