{"id":106125,"date":"2021-03-19T11:41:04","date_gmt":"2021-03-19T10:41:04","guid":{"rendered":"https:\/\/www.sport4club.be\/?post_type=product&#038;p=106125"},"modified":"2025-05-21T11:21:03","modified_gmt":"2025-05-21T09:21:03","slug":"babolat-xcel-gel-2","status":"publish","type":"product","link":"https:\/\/www.sport4club.be\/index.php\/product\/babolat-xcel-gel-2\/","title":{"rendered":"Babolat grip Xcel Gel"},"content":{"rendered":"<p>Le grip de tennis Xcel Gel agit comme un v\u00e9ritable coussin pour votre main : extr\u00eamement confortable.<\/p>\n<p>C\u2019est le grip de remplacement que nous recommandons \u00e0 ceux qui n\u2019aiment pas les surgrips : il garantit un confort maximal, une grande absorption et une durabilit\u00e9 \u00e9lev\u00e9e.<\/p>\n<div class=\"cb-section_column slds-size_12-of-12 slds-max-medium-size_12-of-12 slds-large-size_4-of-12\" data-aura-rendered-by=\"4844:0\">\n<div data-region-name=\"1\" data-item-id=\"cce49934-eb60-42c4-8a04-c49ca2679e4a\" data-aura-rendered-by=\"4818:0\">\n<div class=\"ui-widget\" data-priority=\"\" data-item-id=\"e5c769a9-cfb6-44a3-926b-8b5e4c61899a\" data-aura-rendered-by=\"4815:0\">\n<div>\n<div class=\"slds-accordion__list-item\">\n<section class=\"slds-accordion__section slds-is-open\">\n<div id=\"lgt-accordion-section-5558\" class=\"slds-accordion__content\" aria-hidden=\"false\">\n<table class=\"slds-table slds-table_header-hidden\" role=\"presentation\">\n<tbody>\n<tr class=\"slds-hint-parent slds-border_bottom\">\n<td class=\"slds-cell-wrap\">Sport<\/td>\n<td class=\"slds-cell-wrap\">All Sports<\/td>\n<\/tr>\n<tr class=\"slds-hint-parent slds-border_bottom\">\n<td class=\"slds-cell-wrap\">Type<\/td>\n<td class=\"slds-cell-wrap\">Comfort<\/td>\n<\/tr>\n<tr class=\"slds-hint-parent slds-border_bottom\">\n<td class=\"slds-cell-wrap\">Niveau d&#8217;absorption<\/td>\n<td class=\"slds-cell-wrap\">4\/5<\/td>\n<\/tr>\n<tr class=\"slds-hint-parent slds-border_bottom\">\n<td class=\"slds-cell-wrap\">Epaisseur<\/td>\n<td class=\"slds-cell-wrap\">2.6mm<\/td>\n<\/tr>\n<\/tbody>\n<\/table>\n<\/div>\n<\/section>\n<\/div>\n<\/div>\n<\/div>\n<\/div>\n<\/div>\n<div class=\"cb-section_column slds-size_12-of-12 slds-max-medium-size_12-of-12 slds-large-size_4-of-12\" data-aura-rendered-by=\"4846:0\">\n<div data-region-name=\"50126\" data-item-id=\"cf609b4b-5f7e-46a8-82db-24bdc415eb82\" data-aura-rendered-by=\"4832:0\">\n<div class=\"ui-widget\" data-priority=\"\" data-item-id=\"ab12ef9f-c229-4b9c-9124-4403207cbc79\" data-aura-rendered-by=\"4829:0\">\n<div>\n<div class=\"slds-accordion__list-item\">\n<section class=\"slds-accordion__section slds-is-open\">\n<div class=\"slds-accordion__summary\">\n<h2 class=\"slds-accordion__summary-heading\"><\/h2>\n<\/div>\n<div id=\"lgt-accordion-section-5575\" class=\"slds-accordion__content\" aria-hidden=\"false\">\n<table class=\"slds-table slds-table_header-hidden\" role=\"presentation\">\n<tbody>\n<tr class=\"slds-hint-parent slds-border_bottom\">\n<td class=\"slds-cell-wrap\">Longueur<\/td>\n<td class=\"slds-cell-wrap\">115.0cm<\/td>\n<\/tr>\n<tr class=\"slds-hint-parent slds-border_bottom\">\n<td class=\"slds-cell-wrap\">Composition<\/td>\n<td class=\"slds-cell-wrap\">non-woven 100%PET + EVA + PU gel<\/p>\n<p>PU enduction<\/p>\n<p>&nbsp;<\/td>\n<\/tr>\n<tr class=\"slds-hint-parent slds-border_bottom\">\n<td class=\"slds-cell-wrap\">Fabriqu\u00e9 en<\/td>\n<td class=\"slds-cell-wrap\">Taiwan<\/td>\n<\/tr>\n<\/tbody>\n<\/table>\n<\/div>\n<\/section>\n<\/div>\n<\/div>\n<\/div>\n<\/div>\n<\/div>\n","protected":false},"excerpt":{"rendered":"<p>Le grip de tennis Xcel Gel agit comme un v\u00e9ritable coussin pour votre main : extr\u00eamement confortable. C\u2019est le grip de remplacement que nous recommandons \u00e0 ceux qui n\u2019aiment pas les surgrips : il garantit un confort maximal, une grande absorption et une durabilit\u00e9 \u00e9lev\u00e9e. Sport All Sports Type Comfort Niveau d&#8217;absorption 4\/5 Epaisseur 2.6mm [&hellip;]<\/p>\n","protected":false},"featured_media":114961,"comment_status":"open","ping_status":"closed","template":"","meta":[],"product_cat":[120],"product_tag":[],"_links":{"self":[{"href":"https:\/\/www.sport4club.be\/index.php\/wp-json\/wp\/v2\/product\/106125"}],"collection":[{"href":"https:\/\/www.sport4club.be\/index.php\/wp-json\/wp\/v2\/product"}],"about":[{"href":"https:\/\/www.sport4club.be\/index.php\/wp-json\/wp\/v2\/types\/product"}],"replies":[{"embeddable":true,"href":"https:\/\/www.sport4club.be\/index.php\/wp-json\/wp\/v2\/comments?post=106125"}],"wp:featuredmedia":[{"embeddable":true,"href":"https:\/\/www.sport4club.be\/index.php\/wp-json\/wp\/v2\/media\/114961"}],"wp:attachment":[{"href":"https:\/\/www.sport4club.be\/index.php\/wp-json\/wp\/v2\/media?parent=106125"}],"wp:term":[{"taxonomy":"product_cat","embeddable":true,"href":"https:\/\/www.sport4club.be\/index.php\/wp-json\/wp\/v2\/product_cat?post=106125"},{"taxonomy":"product_tag","embeddable":true,"href":"https:\/\/www.sport4club.be\/index.php\/wp-json\/wp\/v2\/product_tag?post=106125"}],"curies":[{"name":"wp","href":"https:\/\/api.w.org\/{rel}","templated":true}]}}