{"id":106115,"date":"2021-03-19T11:20:57","date_gmt":"2021-03-19T10:20:57","guid":{"rendered":"https:\/\/www.sport4club.be\/?post_type=product&#038;p=106115"},"modified":"2025-05-21T10:55:27","modified_gmt":"2025-05-21T08:55:27","slug":"babolat-syntec-pro-vs-original","status":"publish","type":"product","link":"https:\/\/www.sport4club.be\/index.php\/product\/babolat-syntec-pro-vs-original\/","title":{"rendered":"Babolat Grip Syntec Pro + VS Original"},"content":{"rendered":"<p>Vous aimeriez conna\u00eetre les secrets de Rafa ? Il y en a un que nous pouvons partager avec vous : l&#8217;association du grip Syntec Pro avec le surgrip VS Original est la recette que Rafa utilise depuis des ann\u00e9es pour une absorption optimum de la transpiration et des sensations plus pr\u00e9cises. Aujourd&#8217;hui, c&#8217;est \u00e0 votre tour de la d\u00e9couvrir.<\/p>\n<table class=\"slds-table slds-table_header-hidden\" role=\"presentation\">\n<tbody>\n<tr class=\"slds-hint-parent slds-border_bottom\">\n<td class=\"slds-cell-wrap\">Sport<\/td>\n<td class=\"slds-cell-wrap\">All Sports<\/td>\n<\/tr>\n<tr class=\"slds-hint-parent slds-border_bottom\">\n<td class=\"slds-cell-wrap\">Type<\/td>\n<td class=\"slds-cell-wrap\">Feel<\/td>\n<\/tr>\n<\/tbody>\n<\/table>\n","protected":false},"excerpt":{"rendered":"<p>Vous aimeriez conna\u00eetre les secrets de Rafa ? Il y en a un que nous pouvons partager avec vous : l&#8217;association du grip Syntec Pro avec le surgrip VS Original est la recette que Rafa utilise depuis des ann\u00e9es pour une absorption optimum de la transpiration et des sensations plus pr\u00e9cises. Aujourd&#8217;hui, c&#8217;est \u00e0 votre [&hellip;]<\/p>\n","protected":false},"featured_media":114951,"comment_status":"open","ping_status":"closed","template":"","meta":[],"product_cat":[120],"product_tag":[],"_links":{"self":[{"href":"https:\/\/www.sport4club.be\/index.php\/wp-json\/wp\/v2\/product\/106115"}],"collection":[{"href":"https:\/\/www.sport4club.be\/index.php\/wp-json\/wp\/v2\/product"}],"about":[{"href":"https:\/\/www.sport4club.be\/index.php\/wp-json\/wp\/v2\/types\/product"}],"replies":[{"embeddable":true,"href":"https:\/\/www.sport4club.be\/index.php\/wp-json\/wp\/v2\/comments?post=106115"}],"wp:featuredmedia":[{"embeddable":true,"href":"https:\/\/www.sport4club.be\/index.php\/wp-json\/wp\/v2\/media\/114951"}],"wp:attachment":[{"href":"https:\/\/www.sport4club.be\/index.php\/wp-json\/wp\/v2\/media?parent=106115"}],"wp:term":[{"taxonomy":"product_cat","embeddable":true,"href":"https:\/\/www.sport4club.be\/index.php\/wp-json\/wp\/v2\/product_cat?post=106115"},{"taxonomy":"product_tag","embeddable":true,"href":"https:\/\/www.sport4club.be\/index.php\/wp-json\/wp\/v2\/product_tag?post=106115"}],"curies":[{"name":"wp","href":"https:\/\/api.w.org\/{rel}","templated":true}]}}