{"id":106107,"date":"2021-03-19T11:14:12","date_gmt":"2021-03-19T10:14:12","guid":{"rendered":"https:\/\/www.sport4club.be\/?post_type=product&#038;p=106107"},"modified":"2025-05-21T11:07:17","modified_gmt":"2025-05-21T09:07:17","slug":"babolat-syntec-team","status":"publish","type":"product","link":"https:\/\/www.sport4club.be\/index.php\/product\/babolat-syntec-team\/","title":{"rendered":"Babolat Grip Syntec Team"},"content":{"rendered":"<p><em>Parfaitement adapt\u00e9 aux comp\u00e9titeurs, qui ne veulent pas augmenter la taille du manche, m\u00eame avec un surgrip.<\/em><\/p>\n<div class=\"cb-section_column slds-size_12-of-12 slds-max-medium-size_12-of-12 slds-large-size_4-of-12\" data-aura-rendered-by=\"4201:0\">\n<div data-region-name=\"1\" data-item-id=\"cce49934-eb60-42c4-8a04-c49ca2679e4a\" data-aura-rendered-by=\"4175:0\">\n<div class=\"ui-widget\" data-priority=\"\" data-item-id=\"e5c769a9-cfb6-44a3-926b-8b5e4c61899a\" data-aura-rendered-by=\"4172:0\">\n<div>\n<div class=\"slds-accordion__list-item\">\n<section class=\"slds-accordion__section slds-is-open\">\n<div id=\"lgt-accordion-section-4637\" class=\"slds-accordion__content\" aria-hidden=\"false\">\n<table class=\"slds-table slds-table_header-hidden\" role=\"presentation\">\n<tbody>\n<tr class=\"slds-hint-parent slds-border_bottom\">\n<td class=\"slds-cell-wrap\">Sport<\/td>\n<td class=\"slds-cell-wrap\">All Sports<\/td>\n<\/tr>\n<tr class=\"slds-hint-parent slds-border_bottom\">\n<td class=\"slds-cell-wrap\">Type<\/td>\n<td class=\"slds-cell-wrap\">Feel<\/td>\n<\/tr>\n<tr class=\"slds-hint-parent slds-border_bottom\">\n<td class=\"slds-cell-wrap\">Niveau d&#8217;absorption<\/td>\n<td class=\"slds-cell-wrap\">3\/5<\/td>\n<\/tr>\n<tr class=\"slds-hint-parent slds-border_bottom\">\n<td class=\"slds-cell-wrap\">Epaisseur<\/td>\n<td class=\"slds-cell-wrap\">1.5mm<\/td>\n<\/tr>\n<\/tbody>\n<\/table>\n<\/div>\n<\/section>\n<\/div>\n<\/div>\n<\/div>\n<\/div>\n<\/div>\n<div class=\"cb-section_column slds-size_12-of-12 slds-max-medium-size_12-of-12 slds-large-size_4-of-12\" data-aura-rendered-by=\"4203:0\">\n<div data-region-name=\"50126\" data-item-id=\"cf609b4b-5f7e-46a8-82db-24bdc415eb82\" data-aura-rendered-by=\"4189:0\">\n<div class=\"ui-widget\" data-priority=\"\" data-item-id=\"ab12ef9f-c229-4b9c-9124-4403207cbc79\" data-aura-rendered-by=\"4186:0\">\n<div>\n<div class=\"slds-accordion__list-item\">\n<section class=\"slds-accordion__section slds-is-open\">\n<div class=\"slds-accordion__summary\">\n<h2 class=\"slds-accordion__summary-heading\"><\/h2>\n<\/div>\n<div id=\"lgt-accordion-section-4654\" class=\"slds-accordion__content\" aria-hidden=\"false\">\n<table class=\"slds-table slds-table_header-hidden\" role=\"presentation\">\n<tbody>\n<tr class=\"slds-hint-parent slds-border_bottom\">\n<td class=\"slds-cell-wrap\">Longueur<\/td>\n<td class=\"slds-cell-wrap\">114.0cm<\/td>\n<\/tr>\n<tr class=\"slds-hint-parent slds-border_bottom\">\n<td class=\"slds-cell-wrap\">Composition<\/td>\n<td class=\"slds-cell-wrap\">non-woven 100% PETPU enduction<\/td>\n<\/tr>\n<tr class=\"slds-hint-parent slds-border_bottom\">\n<td class=\"slds-cell-wrap\">Fabriqu\u00e9 en<\/td>\n<td class=\"slds-cell-wrap\">Taiwan<\/td>\n<\/tr>\n<\/tbody>\n<\/table>\n<\/div>\n<\/section>\n<\/div>\n<\/div>\n<\/div>\n<\/div>\n<\/div>\n","protected":false},"excerpt":{"rendered":"<p>Parfaitement adapt\u00e9 aux comp\u00e9titeurs, qui ne veulent pas augmenter la taille du manche, m\u00eame avec un surgrip. Sport All Sports Type Feel Niveau d&#8217;absorption 3\/5 Epaisseur 1.5mm Longueur 114.0cm Composition non-woven 100% PETPU enduction Fabriqu\u00e9 en Taiwan<\/p>\n","protected":false},"featured_media":106108,"comment_status":"open","ping_status":"closed","template":"","meta":[],"product_cat":[120],"product_tag":[],"_links":{"self":[{"href":"https:\/\/www.sport4club.be\/index.php\/wp-json\/wp\/v2\/product\/106107"}],"collection":[{"href":"https:\/\/www.sport4club.be\/index.php\/wp-json\/wp\/v2\/product"}],"about":[{"href":"https:\/\/www.sport4club.be\/index.php\/wp-json\/wp\/v2\/types\/product"}],"replies":[{"embeddable":true,"href":"https:\/\/www.sport4club.be\/index.php\/wp-json\/wp\/v2\/comments?post=106107"}],"wp:featuredmedia":[{"embeddable":true,"href":"https:\/\/www.sport4club.be\/index.php\/wp-json\/wp\/v2\/media\/106108"}],"wp:attachment":[{"href":"https:\/\/www.sport4club.be\/index.php\/wp-json\/wp\/v2\/media?parent=106107"}],"wp:term":[{"taxonomy":"product_cat","embeddable":true,"href":"https:\/\/www.sport4club.be\/index.php\/wp-json\/wp\/v2\/product_cat?post=106107"},{"taxonomy":"product_tag","embeddable":true,"href":"https:\/\/www.sport4club.be\/index.php\/wp-json\/wp\/v2\/product_tag?post=106107"}],"curies":[{"name":"wp","href":"https:\/\/api.w.org\/{rel}","templated":true}]}}