{"id":106091,"date":"2021-03-16T18:25:11","date_gmt":"2021-03-16T17:25:11","guid":{"rendered":"https:\/\/www.sport4club.be\/?post_type=product&#038;p=106091"},"modified":"2021-03-16T18:25:11","modified_gmt":"2021-03-16T17:25:11","slug":"babolat-gold-championship-18-x-4-balles","status":"publish","type":"product","link":"https:\/\/www.sport4club.be\/index.php\/product\/babolat-gold-championship-18-x-4-balles\/","title":{"rendered":"Babolat Gold Championship (18 x 4 balles)"},"content":{"rendered":"<p><em>La balle de tennis Babolat Gold Championship est une balle pressuris\u00e9e \u00e9conomique pour les joueurs loisirs en progression, qui offre un excellent rapport qualit\u00e9 \/ prix.<\/em><\/p>\n","protected":false},"excerpt":{"rendered":"<p>La balle de tennis Babolat Gold Championship est une balle pressuris\u00e9e \u00e9conomique pour les joueurs loisirs en progression, qui offre un excellent rapport qualit\u00e9 \/ prix.<\/p>\n","protected":false},"featured_media":106092,"comment_status":"open","ping_status":"closed","template":"","meta":[],"product_cat":[106],"product_tag":[],"_links":{"self":[{"href":"https:\/\/www.sport4club.be\/index.php\/wp-json\/wp\/v2\/product\/106091"}],"collection":[{"href":"https:\/\/www.sport4club.be\/index.php\/wp-json\/wp\/v2\/product"}],"about":[{"href":"https:\/\/www.sport4club.be\/index.php\/wp-json\/wp\/v2\/types\/product"}],"replies":[{"embeddable":true,"href":"https:\/\/www.sport4club.be\/index.php\/wp-json\/wp\/v2\/comments?post=106091"}],"wp:featuredmedia":[{"embeddable":true,"href":"https:\/\/www.sport4club.be\/index.php\/wp-json\/wp\/v2\/media\/106092"}],"wp:attachment":[{"href":"https:\/\/www.sport4club.be\/index.php\/wp-json\/wp\/v2\/media?parent=106091"}],"wp:term":[{"taxonomy":"product_cat","embeddable":true,"href":"https:\/\/www.sport4club.be\/index.php\/wp-json\/wp\/v2\/product_cat?post=106091"},{"taxonomy":"product_tag","embeddable":true,"href":"https:\/\/www.sport4club.be\/index.php\/wp-json\/wp\/v2\/product_tag?post=106091"}],"curies":[{"name":"wp","href":"https:\/\/api.w.org\/{rel}","templated":true}]}}