{"id":106077,"date":"2021-03-12T11:51:20","date_gmt":"2021-03-12T10:51:20","guid":{"rendered":"https:\/\/www.sport4club.be\/?post_type=product&#038;p=106077"},"modified":"2023-02-08T12:17:31","modified_gmt":"2023-02-08T11:17:31","slug":"head-graphene-360-gravity-lite-270gr-2","status":"publish","type":"product","link":"https:\/\/www.sport4club.be\/index.php\/product\/head-graphene-360-gravity-lite-270gr-2\/","title":{"rendered":"Head Graphene 360+ Gravity Lite (270gr)"},"content":{"rendered":"<p><em>La GRAVITY LITE est peut-\u00eatre la raquette la plus l\u00e9g\u00e8re des GRAVITY, mais elle pr\u00e9sente toutes les caract\u00e9ristiques qui font le succ\u00e8s de la gamme. Comme ses grandes s\u0153urs, elle est dot\u00e9e d\u2019une zone de frappe id\u00e9ale \u00e9tendue et int\u00e8gre la technologie Graphene 360+, qui combine le transfert d\u2019\u00e9nergie du Graphene 360 \u00e0 des spirales de fibres innovantes pour un flex am\u00e9lior\u00e9 et une sensation plus nette \u00e0 l\u2019impact. Moderne et dynamique, cette raquette rev\u00eat \u00e9galement un tout nouveau design audacieux et saisissant, formant un vif d\u00e9grad\u00e9 jaune-vert d\u2019un c\u00f4t\u00e9 et bleu-violet de l\u2019autre. La gamme GRAVITY est recommand\u00e9e par Alexander Zverev et Ashleigh Barty.<\/em><\/p>\n","protected":false},"excerpt":{"rendered":"<p>La GRAVITY LITE est peut-\u00eatre la raquette la plus l\u00e9g\u00e8re des GRAVITY, mais elle pr\u00e9sente toutes les caract\u00e9ristiques qui font le succ\u00e8s de la gamme. Comme ses grandes s\u0153urs, elle est dot\u00e9e d\u2019une zone de frappe id\u00e9ale \u00e9tendue et int\u00e8gre la technologie Graphene 360+, qui combine le transfert d\u2019\u00e9nergie du Graphene 360 \u00e0 des spirales [&hellip;]<\/p>\n","protected":false},"featured_media":106078,"comment_status":"open","ping_status":"closed","template":"","meta":[],"product_cat":[145,786],"product_tag":[],"_links":{"self":[{"href":"https:\/\/www.sport4club.be\/index.php\/wp-json\/wp\/v2\/product\/106077"}],"collection":[{"href":"https:\/\/www.sport4club.be\/index.php\/wp-json\/wp\/v2\/product"}],"about":[{"href":"https:\/\/www.sport4club.be\/index.php\/wp-json\/wp\/v2\/types\/product"}],"replies":[{"embeddable":true,"href":"https:\/\/www.sport4club.be\/index.php\/wp-json\/wp\/v2\/comments?post=106077"}],"wp:featuredmedia":[{"embeddable":true,"href":"https:\/\/www.sport4club.be\/index.php\/wp-json\/wp\/v2\/media\/106078"}],"wp:attachment":[{"href":"https:\/\/www.sport4club.be\/index.php\/wp-json\/wp\/v2\/media?parent=106077"}],"wp:term":[{"taxonomy":"product_cat","embeddable":true,"href":"https:\/\/www.sport4club.be\/index.php\/wp-json\/wp\/v2\/product_cat?post=106077"},{"taxonomy":"product_tag","embeddable":true,"href":"https:\/\/www.sport4club.be\/index.php\/wp-json\/wp\/v2\/product_tag?post=106077"}],"curies":[{"name":"wp","href":"https:\/\/api.w.org\/{rel}","templated":true}]}}