{"id":106067,"date":"2021-03-12T11:35:50","date_gmt":"2021-03-12T10:35:50","guid":{"rendered":"https:\/\/www.sport4club.be\/?post_type=product&#038;p=106067"},"modified":"2024-02-01T10:07:02","modified_gmt":"2024-02-01T09:07:02","slug":"head-graphene-360-gravity-s-2021-285gr","status":"publish","type":"product","link":"https:\/\/www.sport4club.be\/index.php\/product\/head-graphene-360-gravity-s-2021-285gr\/","title":{"rendered":"Head Graphene 360+ Gravity S (285gr)"},"content":{"rendered":"<p><em>Prenez l\u2019avantage \u00e0 chaque match avec la GRAVITY S, la raquette id\u00e9ale pour un joueur qui recherche un cadre plus l\u00e9ger. La large taille de son tamis et sa zone de frappe id\u00e9ale \u00e9tendue, associ\u00e9e \u00e0 un nouveau design flip flop vif et audacieux, formant un d\u00e9grad\u00e9 jaune-vert d\u2019un c\u00f4t\u00e9 et bleu-violet de l\u2019autre, vous offrira la victoire et le style. La GRAVITY S int\u00e8gre la technologie Graphene 360+, une combinaison du transfert d\u2019\u00e9nergie du Graphene 360 et de spirales de fibres innovantes, pour vous offrir un flex am\u00e9lior\u00e9 et une sensation plus nette \u00e0 l\u2019impact. La gamme GRAVITY est recommand\u00e9e par Alexander Zverev et Alexander Zverev.<\/em><\/p>\n","protected":false},"excerpt":{"rendered":"<p>Prenez l\u2019avantage \u00e0 chaque match avec la GRAVITY S, la raquette id\u00e9ale pour un joueur qui recherche un cadre plus l\u00e9ger. La large taille de son tamis et sa zone de frappe id\u00e9ale \u00e9tendue, associ\u00e9e \u00e0 un nouveau design flip flop vif et audacieux, formant un d\u00e9grad\u00e9 jaune-vert d\u2019un c\u00f4t\u00e9 et bleu-violet de l\u2019autre, vous [&hellip;]<\/p>\n","protected":false},"featured_media":106068,"comment_status":"open","ping_status":"closed","template":"","meta":[],"product_cat":[145,786],"product_tag":[],"_links":{"self":[{"href":"https:\/\/www.sport4club.be\/index.php\/wp-json\/wp\/v2\/product\/106067"}],"collection":[{"href":"https:\/\/www.sport4club.be\/index.php\/wp-json\/wp\/v2\/product"}],"about":[{"href":"https:\/\/www.sport4club.be\/index.php\/wp-json\/wp\/v2\/types\/product"}],"replies":[{"embeddable":true,"href":"https:\/\/www.sport4club.be\/index.php\/wp-json\/wp\/v2\/comments?post=106067"}],"wp:featuredmedia":[{"embeddable":true,"href":"https:\/\/www.sport4club.be\/index.php\/wp-json\/wp\/v2\/media\/106068"}],"wp:attachment":[{"href":"https:\/\/www.sport4club.be\/index.php\/wp-json\/wp\/v2\/media?parent=106067"}],"wp:term":[{"taxonomy":"product_cat","embeddable":true,"href":"https:\/\/www.sport4club.be\/index.php\/wp-json\/wp\/v2\/product_cat?post=106067"},{"taxonomy":"product_tag","embeddable":true,"href":"https:\/\/www.sport4club.be\/index.php\/wp-json\/wp\/v2\/product_tag?post=106067"}],"curies":[{"name":"wp","href":"https:\/\/api.w.org\/{rel}","templated":true}]}}