{"id":106057,"date":"2021-03-12T11:05:39","date_gmt":"2021-03-12T10:05:39","guid":{"rendered":"https:\/\/www.sport4club.be\/?post_type=product&#038;p=106057"},"modified":"2022-07-26T12:46:40","modified_gmt":"2022-07-26T10:46:40","slug":"head-graphene-360-gravity-mp-2021-295gr","status":"publish","type":"product","link":"https:\/\/www.sport4club.be\/index.php\/product\/head-graphene-360-gravity-mp-2021-295gr\/","title":{"rendered":"Head Graphene 360+ Gravity MP (295gr)"},"content":{"rendered":"<p><em>Prenez l\u2019avantage \u00e0 chaque match et face \u00e0 n\u2019importe quel adversaire avec la GRAVITY MP. De sa zone de frappe id\u00e9ale \u00e9tendue \u00e0 son nouveau design invers\u00e9 audacieux au d\u00e9grad\u00e9 jaune-vert d\u2019un c\u00f4t\u00e9 et bleu-violet de l\u2019autre, cette raquette dynamique et moderne est id\u00e9ale pour le joueur agressif. La GRAVITY MP int\u00e8gre la technologie Graphene 360+, qui combine le transfert d\u2019\u00e9nergie du Graphene 360 \u00e0 des spirales de fibres innovantes pour un flex am\u00e9lior\u00e9 et une sensation plus nette \u00e0 l\u2019impact. Son plan de cordage 16\/20 offre l\u2019\u00e9quilibre parfait entre la puissance et le contr\u00f4le. La gamme GRAVITY est recommand\u00e9e par Alexander Zverev et Ashleigh Barty.<\/em><\/p>\n","protected":false},"excerpt":{"rendered":"<p>Prenez l\u2019avantage \u00e0 chaque match et face \u00e0 n\u2019importe quel adversaire avec la GRAVITY MP. De sa zone de frappe id\u00e9ale \u00e9tendue \u00e0 son nouveau design invers\u00e9 audacieux au d\u00e9grad\u00e9 jaune-vert d\u2019un c\u00f4t\u00e9 et bleu-violet de l\u2019autre, cette raquette dynamique et moderne est id\u00e9ale pour le joueur agressif. La GRAVITY MP int\u00e8gre la technologie Graphene [&hellip;]<\/p>\n","protected":false},"featured_media":106058,"comment_status":"open","ping_status":"closed","template":"","meta":[],"product_cat":[145,786],"product_tag":[],"_links":{"self":[{"href":"https:\/\/www.sport4club.be\/index.php\/wp-json\/wp\/v2\/product\/106057"}],"collection":[{"href":"https:\/\/www.sport4club.be\/index.php\/wp-json\/wp\/v2\/product"}],"about":[{"href":"https:\/\/www.sport4club.be\/index.php\/wp-json\/wp\/v2\/types\/product"}],"replies":[{"embeddable":true,"href":"https:\/\/www.sport4club.be\/index.php\/wp-json\/wp\/v2\/comments?post=106057"}],"wp:featuredmedia":[{"embeddable":true,"href":"https:\/\/www.sport4club.be\/index.php\/wp-json\/wp\/v2\/media\/106058"}],"wp:attachment":[{"href":"https:\/\/www.sport4club.be\/index.php\/wp-json\/wp\/v2\/media?parent=106057"}],"wp:term":[{"taxonomy":"product_cat","embeddable":true,"href":"https:\/\/www.sport4club.be\/index.php\/wp-json\/wp\/v2\/product_cat?post=106057"},{"taxonomy":"product_tag","embeddable":true,"href":"https:\/\/www.sport4club.be\/index.php\/wp-json\/wp\/v2\/product_tag?post=106057"}],"curies":[{"name":"wp","href":"https:\/\/api.w.org\/{rel}","templated":true}]}}