{"id":106036,"date":"2021-03-12T09:46:37","date_gmt":"2021-03-12T08:46:37","guid":{"rendered":"https:\/\/www.sport4club.be\/?post_type=product&#038;p=106036"},"modified":"2024-02-01T10:06:16","modified_gmt":"2024-02-01T09:06:16","slug":"head-graphene-360-gravity-pro-2021-315gr","status":"publish","type":"product","link":"https:\/\/www.sport4club.be\/index.php\/product\/head-graphene-360-gravity-pro-2021-315gr\/","title":{"rendered":"Head Graphene 360+ Gravity Pro (315gr)"},"content":{"rendered":"<p><em>Avec une zone de frappe id\u00e9ale allong\u00e9e et un audacieux design invers\u00e9 au d\u00e9grad\u00e9 vert-jaune d\u2019un c\u00f4t\u00e9 et bleu-violet de l\u2019autre, la GRAVITY PRO est une raquette moderne et dynamique, parfaite pour une nouvelle g\u00e9n\u00e9ration de joueurs agressifs. Sa zone de frappe id\u00e9ale se distingue par sa forme goutte d\u2019eau, tandis que son plan de cordage\u00a018\/20 offre le contr\u00f4le que recherchent les joueurs en tournoi. La GRAVITY PRO int\u00e8gre la technologie Graphene\u00a0360+, une combinaison de spirales de fibres innovantes et du transfert d\u2019\u00e9nergie du Graphene\u00a0360, afin d\u2019apporter un flex am\u00e9lior\u00e9 et une sensation plen nette \u00e0 l\u2019impact. La gamme GRAVITY est recommand\u00e9e par Alexander Zverev et Ashleigh Barty.<\/em><\/p>\n","protected":false},"excerpt":{"rendered":"<p>Avec une zone de frappe id\u00e9ale allong\u00e9e et un audacieux design invers\u00e9 au d\u00e9grad\u00e9 vert-jaune d\u2019un c\u00f4t\u00e9 et bleu-violet de l\u2019autre, la GRAVITY PRO est une raquette moderne et dynamique, parfaite pour une nouvelle g\u00e9n\u00e9ration de joueurs agressifs. Sa zone de frappe id\u00e9ale se distingue par sa forme goutte d\u2019eau, tandis que son plan de [&hellip;]<\/p>\n","protected":false},"featured_media":106037,"comment_status":"open","ping_status":"closed","template":"","meta":[],"product_cat":[145,786],"product_tag":[],"_links":{"self":[{"href":"https:\/\/www.sport4club.be\/index.php\/wp-json\/wp\/v2\/product\/106036"}],"collection":[{"href":"https:\/\/www.sport4club.be\/index.php\/wp-json\/wp\/v2\/product"}],"about":[{"href":"https:\/\/www.sport4club.be\/index.php\/wp-json\/wp\/v2\/types\/product"}],"replies":[{"embeddable":true,"href":"https:\/\/www.sport4club.be\/index.php\/wp-json\/wp\/v2\/comments?post=106036"}],"wp:featuredmedia":[{"embeddable":true,"href":"https:\/\/www.sport4club.be\/index.php\/wp-json\/wp\/v2\/media\/106037"}],"wp:attachment":[{"href":"https:\/\/www.sport4club.be\/index.php\/wp-json\/wp\/v2\/media?parent=106036"}],"wp:term":[{"taxonomy":"product_cat","embeddable":true,"href":"https:\/\/www.sport4club.be\/index.php\/wp-json\/wp\/v2\/product_cat?post=106036"},{"taxonomy":"product_tag","embeddable":true,"href":"https:\/\/www.sport4club.be\/index.php\/wp-json\/wp\/v2\/product_tag?post=106036"}],"curies":[{"name":"wp","href":"https:\/\/api.w.org\/{rel}","templated":true}]}}