{"id":105968,"date":"2021-02-22T12:50:20","date_gmt":"2021-02-22T11:50:20","guid":{"rendered":"https:\/\/www.sport4club.be\/?post_type=product&#038;p=105968"},"modified":"2022-08-16T09:24:08","modified_gmt":"2022-08-16T07:24:08","slug":"babolat-touch-tonic-12m","status":"publish","type":"product","link":"https:\/\/www.sport4club.be\/index.php\/product\/babolat-touch-tonic-12m\/","title":{"rendered":"Babolat Touch Tonic (12M)"},"content":{"rendered":"<p><em><strong>100% Boyau Naturel.<\/strong><\/em><\/p>\n<p><em>La combinaison parfaite entre sensations dynamiques, puissance incroyable et tenue de tension sup\u00e9rieure. Des jauges sup\u00e9rieures pour une durabilit\u00e9 prolong\u00e9e. Un incontournable pour d\u00e9couvrir la jouabilit\u00e9 du boyau naturel.\u00a0<\/em><\/p>\n","protected":false},"excerpt":{"rendered":"<p>100% Boyau Naturel. La combinaison parfaite entre sensations dynamiques, puissance incroyable et tenue de tension sup\u00e9rieure. Des jauges sup\u00e9rieures pour une durabilit\u00e9 prolong\u00e9e. Un incontournable pour d\u00e9couvrir la jouabilit\u00e9 du boyau naturel.\u00a0<\/p>\n","protected":false},"featured_media":105969,"comment_status":"open","ping_status":"closed","template":"","meta":[],"product_cat":[108],"product_tag":[],"_links":{"self":[{"href":"https:\/\/www.sport4club.be\/index.php\/wp-json\/wp\/v2\/product\/105968"}],"collection":[{"href":"https:\/\/www.sport4club.be\/index.php\/wp-json\/wp\/v2\/product"}],"about":[{"href":"https:\/\/www.sport4club.be\/index.php\/wp-json\/wp\/v2\/types\/product"}],"replies":[{"embeddable":true,"href":"https:\/\/www.sport4club.be\/index.php\/wp-json\/wp\/v2\/comments?post=105968"}],"wp:featuredmedia":[{"embeddable":true,"href":"https:\/\/www.sport4club.be\/index.php\/wp-json\/wp\/v2\/media\/105969"}],"wp:attachment":[{"href":"https:\/\/www.sport4club.be\/index.php\/wp-json\/wp\/v2\/media?parent=105968"}],"wp:term":[{"taxonomy":"product_cat","embeddable":true,"href":"https:\/\/www.sport4club.be\/index.php\/wp-json\/wp\/v2\/product_cat?post=105968"},{"taxonomy":"product_tag","embeddable":true,"href":"https:\/\/www.sport4club.be\/index.php\/wp-json\/wp\/v2\/product_tag?post=105968"}],"curies":[{"name":"wp","href":"https:\/\/api.w.org\/{rel}","templated":true}]}}