{"id":105852,"date":"2021-02-06T11:32:18","date_gmt":"2021-02-06T10:32:18","guid":{"rendered":"https:\/\/www.sport4club.be\/?post_type=product&#038;p=105852"},"modified":"2024-02-01T10:17:20","modified_gmt":"2024-02-01T09:17:20","slug":"head-graphene-360-radical-mp-2021-300gr","status":"publish","type":"product","link":"https:\/\/www.sport4club.be\/index.php\/product\/head-graphene-360-radical-mp-2021-300gr\/","title":{"rendered":"Head Radical MP (300gr)"},"content":{"rendered":"<p>La raquette <strong>Head Radical MP<\/strong>\u00a0est le mod\u00e8le de raquette le plus polyvalent du march\u00e9 avec un tamis 630cm\u00b2. Elle offre une stabilit\u00e9 et un confort accru gr\u00e2ce \u00e0 la technologie\u00a0<strong>Graph\u00e8ne Inside<\/strong>. Elle est \u00e9galement \u00e9quip\u00e9e de la\u00a0<strong>technologie de pointe Auxetic<\/strong>\u00a0pour\u00a0<strong>am\u00e9liorer les sensations lors de la frappe<\/strong>,<\/p>\n<p>Ce mod\u00e8le est d\u00e9velopp\u00e9 pour les joueurs de bon niveau \u00e0 la recherche de\u00a0<strong>polyvalence<\/strong>\u00a0dans un tamis 630cm\u00b2 mais \u00e9galement d&#8217;un\u00a0<strong>bon niveau de contr\u00f4le<\/strong>.<\/p>\n<p>Cette raquette se d\u00e9marque par un excellent toucher de balle ainsi que son dosage puissance et contr\u00f4le. Elle est dot\u00e9e d\u2019un profil\u00a0<strong>Variable Beam<\/strong>\u00a0qui permet d&#8217;avoir un bon \u00e9quilibre entre la puissance, le contr\u00f4le et la prise d\u2019effets gr\u00e2ce \u00e0 son plan de cordage\u00a0<strong>16\/19 dynamique.<\/strong><\/p>\n<p>Elle est dot\u00e9e de technologies exclusives : ses joncs robustes renforcent votre puissance gr\u00e2ce \u00e0 un meilleur mouvement du cordage, tout en r\u00e9duisant le bruit et les vibrations.<\/p>\n<p>La\u00a0<strong>Radical MP<\/strong>\u00a0arbore un nouveau design asym\u00e9trique audacieux.<\/p>\n","protected":false},"excerpt":{"rendered":"<p>La raquette Head Radical MP\u00a0est le mod\u00e8le de raquette le plus polyvalent du march\u00e9 avec un tamis 630cm\u00b2. Elle offre une stabilit\u00e9 et un confort accru gr\u00e2ce \u00e0 la technologie\u00a0Graph\u00e8ne Inside. Elle est \u00e9galement \u00e9quip\u00e9e de la\u00a0technologie de pointe Auxetic\u00a0pour\u00a0am\u00e9liorer les sensations lors de la frappe, Ce mod\u00e8le est d\u00e9velopp\u00e9 pour les joueurs de bon [&hellip;]<\/p>\n","protected":false},"featured_media":112720,"comment_status":"open","ping_status":"closed","template":"","meta":[],"product_cat":[145,786],"product_tag":[],"_links":{"self":[{"href":"https:\/\/www.sport4club.be\/index.php\/wp-json\/wp\/v2\/product\/105852"}],"collection":[{"href":"https:\/\/www.sport4club.be\/index.php\/wp-json\/wp\/v2\/product"}],"about":[{"href":"https:\/\/www.sport4club.be\/index.php\/wp-json\/wp\/v2\/types\/product"}],"replies":[{"embeddable":true,"href":"https:\/\/www.sport4club.be\/index.php\/wp-json\/wp\/v2\/comments?post=105852"}],"wp:featuredmedia":[{"embeddable":true,"href":"https:\/\/www.sport4club.be\/index.php\/wp-json\/wp\/v2\/media\/112720"}],"wp:attachment":[{"href":"https:\/\/www.sport4club.be\/index.php\/wp-json\/wp\/v2\/media?parent=105852"}],"wp:term":[{"taxonomy":"product_cat","embeddable":true,"href":"https:\/\/www.sport4club.be\/index.php\/wp-json\/wp\/v2\/product_cat?post=105852"},{"taxonomy":"product_tag","embeddable":true,"href":"https:\/\/www.sport4club.be\/index.php\/wp-json\/wp\/v2\/product_tag?post=105852"}],"curies":[{"name":"wp","href":"https:\/\/api.w.org\/{rel}","templated":true}]}}