{"id":105845,"date":"2021-02-06T11:16:56","date_gmt":"2021-02-06T10:16:56","guid":{"rendered":"https:\/\/www.sport4club.be\/?post_type=product&#038;p=105845"},"modified":"2024-02-01T10:21:11","modified_gmt":"2024-02-01T09:21:11","slug":"head-graphene-360-radical-pro-2021-315gr","status":"publish","type":"product","link":"https:\/\/www.sport4club.be\/index.php\/product\/head-graphene-360-radical-pro-2021-315gr\/","title":{"rendered":"Head Radical Pro (315gr)"},"content":{"rendered":"<p>\u00c9quip\u00e9e de la\u00a0<strong>technologie Auxetic<\/strong>\u00a0pour\u00a0<strong>am\u00e9liorer les sensations \u00e0 la frappe<\/strong>, la raquette\u00a0<strong>Head Radical Pro<\/strong>\u00a0propose une stabilit\u00e9 et un confort accru gr\u00e2ce \u00e0 la technologie\u00a0<strong>Graphene Inside<\/strong>.<\/p>\n<p>Ce mod\u00e8le est d\u00e9velopp\u00e9 pour les joueurs confirm\u00e9s, pratiquant un jeu complet et \u00e0 la recherche d&#8217;un maximum de polyvalence et de rendement. La pr\u00e9cision est au rendez-vous avec son tamis de 630cm\u00b2, sur tous les courts, \u00e0 la recherche de\u00a0<strong>polyvalence<\/strong>\u00a0dans un tamis 630cm\u00b2, mais \u00e9galement d&#8217;un\u00a0<strong>bon m\u00e9lange entre sensation, puissance et contr\u00f4le<\/strong>.<\/p>\n<p>Elle se d\u00e9marque par sa maniabilit\u00e9 et son bon niveau de contr\u00f4le. Elle est \u00e9galement dot\u00e9e d\u2019un profil\u00a0<strong>Variable Beam<\/strong>\u00a0qui permet d&#8217;avoir un \u00e9quilibre id\u00e9al entre la puissance, le contr\u00f4le et la prise d\u2019effets, avec son plan de cordage\u00a0<strong>16\/19 dynamique.<\/strong><\/p>\n<p>Elle est dot\u00e9e de technologies exclusives : ses joncs robustes renforcent votre puissance gr\u00e2ce \u00e0 un meilleur mouvement du cordage, tout en r\u00e9duisant le bruit et les vibrations pour des sensations de jeu unique.<\/p>\n<p>La\u00a0<strong>Radical Pro<\/strong>\u00a0arbore un nouveau design asym\u00e9trique audacieux.<\/p>\n","protected":false},"excerpt":{"rendered":"<p>\u00c9quip\u00e9e de la\u00a0technologie Auxetic\u00a0pour\u00a0am\u00e9liorer les sensations \u00e0 la frappe, la raquette\u00a0Head Radical Pro\u00a0propose une stabilit\u00e9 et un confort accru gr\u00e2ce \u00e0 la technologie\u00a0Graphene Inside. Ce mod\u00e8le est d\u00e9velopp\u00e9 pour les joueurs confirm\u00e9s, pratiquant un jeu complet et \u00e0 la recherche d&#8217;un maximum de polyvalence et de rendement. La pr\u00e9cision est au rendez-vous avec son tamis [&hellip;]<\/p>\n","protected":false},"featured_media":112722,"comment_status":"open","ping_status":"closed","template":"","meta":[],"product_cat":[145,786],"product_tag":[],"_links":{"self":[{"href":"https:\/\/www.sport4club.be\/index.php\/wp-json\/wp\/v2\/product\/105845"}],"collection":[{"href":"https:\/\/www.sport4club.be\/index.php\/wp-json\/wp\/v2\/product"}],"about":[{"href":"https:\/\/www.sport4club.be\/index.php\/wp-json\/wp\/v2\/types\/product"}],"replies":[{"embeddable":true,"href":"https:\/\/www.sport4club.be\/index.php\/wp-json\/wp\/v2\/comments?post=105845"}],"wp:featuredmedia":[{"embeddable":true,"href":"https:\/\/www.sport4club.be\/index.php\/wp-json\/wp\/v2\/media\/112722"}],"wp:attachment":[{"href":"https:\/\/www.sport4club.be\/index.php\/wp-json\/wp\/v2\/media?parent=105845"}],"wp:term":[{"taxonomy":"product_cat","embeddable":true,"href":"https:\/\/www.sport4club.be\/index.php\/wp-json\/wp\/v2\/product_cat?post=105845"},{"taxonomy":"product_tag","embeddable":true,"href":"https:\/\/www.sport4club.be\/index.php\/wp-json\/wp\/v2\/product_tag?post=105845"}],"curies":[{"name":"wp","href":"https:\/\/api.w.org\/{rel}","templated":true}]}}