{"id":105782,"date":"2021-01-30T17:09:03","date_gmt":"2021-01-30T16:09:03","guid":{"rendered":"https:\/\/www.sport4club.be\/?post_type=product&#038;p=105782"},"modified":"2025-07-04T07:56:58","modified_gmt":"2025-07-04T05:56:58","slug":"babolat-evo-drive-tour-285gr","status":"publish","type":"product","link":"https:\/\/www.sport4club.be\/index.php\/product\/babolat-evo-drive-tour-285gr\/","title":{"rendered":"Babolat Evo Drive Tour (285gr)"},"content":{"rendered":"<p><em>Vous aimez le d\u00e9passement de soi qu\u2019implique le tennis? D\u00e9couvrez la raquette de tennis Evo Drive. Que vous vouliez vous amuser avec vos amis ou voir quel niveau vous pouvez atteindre (et pourquoi pas les deux en m\u00eame temps?), cette raquette de tennis performance abordable vous apporte de la puissance et du confort pour vous permettre de vous amuser sur le court et d\u2019exploiter tout votre potentiel.<\/em><\/p>\n<p><em>Vous cherchez de la puissance et du confort, mais vous pr\u00e9f\u00e9rez une raquette plus lourde pour plus de stabilit\u00e9\u00a0? Vous allez aimer la raquette Evo Drive\u00a0Tour.<\/em><\/p>\n","protected":false},"excerpt":{"rendered":"<p>Vous aimez le d\u00e9passement de soi qu\u2019implique le tennis? D\u00e9couvrez la raquette de tennis Evo Drive. Que vous vouliez vous amuser avec vos amis ou voir quel niveau vous pouvez atteindre (et pourquoi pas les deux en m\u00eame temps?), cette raquette de tennis performance abordable vous apporte de la puissance et du confort pour vous [&hellip;]<\/p>\n","protected":false},"featured_media":105783,"comment_status":"open","ping_status":"closed","template":"","meta":[],"product_cat":[145],"product_tag":[],"_links":{"self":[{"href":"https:\/\/www.sport4club.be\/index.php\/wp-json\/wp\/v2\/product\/105782"}],"collection":[{"href":"https:\/\/www.sport4club.be\/index.php\/wp-json\/wp\/v2\/product"}],"about":[{"href":"https:\/\/www.sport4club.be\/index.php\/wp-json\/wp\/v2\/types\/product"}],"replies":[{"embeddable":true,"href":"https:\/\/www.sport4club.be\/index.php\/wp-json\/wp\/v2\/comments?post=105782"}],"wp:featuredmedia":[{"embeddable":true,"href":"https:\/\/www.sport4club.be\/index.php\/wp-json\/wp\/v2\/media\/105783"}],"wp:attachment":[{"href":"https:\/\/www.sport4club.be\/index.php\/wp-json\/wp\/v2\/media?parent=105782"}],"wp:term":[{"taxonomy":"product_cat","embeddable":true,"href":"https:\/\/www.sport4club.be\/index.php\/wp-json\/wp\/v2\/product_cat?post=105782"},{"taxonomy":"product_tag","embeddable":true,"href":"https:\/\/www.sport4club.be\/index.php\/wp-json\/wp\/v2\/product_tag?post=105782"}],"curies":[{"name":"wp","href":"https:\/\/api.w.org\/{rel}","templated":true}]}}