{"id":105727,"date":"2021-01-19T18:05:43","date_gmt":"2021-01-19T17:05:43","guid":{"rendered":"https:\/\/www.sport4club.be\/?post_type=product&#038;p=105727"},"modified":"2025-05-07T13:51:20","modified_gmt":"2025-05-07T11:51:20","slug":"babolat-backpack-pure-drive-2021","status":"publish","type":"product","link":"https:\/\/www.sport4club.be\/index.php\/product\/babolat-backpack-pure-drive-2021\/","title":{"rendered":"Babolat Backpack Pure Drive"},"content":{"rendered":"<p><em>Le sac \u00e0 dos Pure Drive est la nouvelle r\u00e9f\u00e9rence en mati\u00e8re de sac \u00e0 dos de tennis. Dot\u00e9 des toutes derni\u00e8res technologies, ce sac permet aux joueurs d&#8217;organiser parfaitement leur \u00e9quipement. Ce sac, pouvant \u00eatre port\u00e9 au quotidien ou pour les tournois, est super intuitif et polyvalent.<\/em><\/p>\n<p><em>Capacit\u00e9 : 32L<\/em><\/p>\n<p><em>Dimensions : 32x77x20cm\u00a0<\/em><\/p>\n","protected":false},"excerpt":{"rendered":"<p>Le sac \u00e0 dos Pure Drive est la nouvelle r\u00e9f\u00e9rence en mati\u00e8re de sac \u00e0 dos de tennis. Dot\u00e9 des toutes derni\u00e8res technologies, ce sac permet aux joueurs d&#8217;organiser parfaitement leur \u00e9quipement. Ce sac, pouvant \u00eatre port\u00e9 au quotidien ou pour les tournois, est super intuitif et polyvalent. Capacit\u00e9 : 32L Dimensions : 32x77x20cm\u00a0<\/p>\n","protected":false},"featured_media":105728,"comment_status":"open","ping_status":"closed","template":"","meta":[],"product_cat":[107],"product_tag":[],"_links":{"self":[{"href":"https:\/\/www.sport4club.be\/index.php\/wp-json\/wp\/v2\/product\/105727"}],"collection":[{"href":"https:\/\/www.sport4club.be\/index.php\/wp-json\/wp\/v2\/product"}],"about":[{"href":"https:\/\/www.sport4club.be\/index.php\/wp-json\/wp\/v2\/types\/product"}],"replies":[{"embeddable":true,"href":"https:\/\/www.sport4club.be\/index.php\/wp-json\/wp\/v2\/comments?post=105727"}],"wp:featuredmedia":[{"embeddable":true,"href":"https:\/\/www.sport4club.be\/index.php\/wp-json\/wp\/v2\/media\/105728"}],"wp:attachment":[{"href":"https:\/\/www.sport4club.be\/index.php\/wp-json\/wp\/v2\/media?parent=105727"}],"wp:term":[{"taxonomy":"product_cat","embeddable":true,"href":"https:\/\/www.sport4club.be\/index.php\/wp-json\/wp\/v2\/product_cat?post=105727"},{"taxonomy":"product_tag","embeddable":true,"href":"https:\/\/www.sport4club.be\/index.php\/wp-json\/wp\/v2\/product_tag?post=105727"}],"curies":[{"name":"wp","href":"https:\/\/api.w.org\/{rel}","templated":true}]}}