{"id":105689,"date":"2021-01-18T17:05:01","date_gmt":"2021-01-18T16:05:01","guid":{"rendered":"https:\/\/www.sport4club.be\/?post_type=product&#038;p=105689"},"modified":"2025-07-04T07:41:46","modified_gmt":"2025-07-04T05:41:46","slug":"babolat-pure-drive-110-2021-255gr","status":"publish","type":"product","link":"https:\/\/www.sport4club.be\/index.php\/product\/babolat-pure-drive-110-2021-255gr\/","title":{"rendered":"Babolat Pure Drive 110 (255gr)"},"content":{"rendered":"<p>Pour certains, elle est la d\u00e9finition m\u00eame de la puissance. Vous l\u2019appellerez sans doute \u00abvotre avantage d\u00e9loyal\u00bb. Nous, nous l\u2019appelons la Pure Drive.<\/p>\n<p>En 1994, Babolat a lanc\u00e9 la raquette Pure Drive, qui s\u2019est rapidement \u00e9tablie comme une r\u00e9f\u00e9rence en terme de puissance. Avec tous les mod\u00e8les suivants, nous avons \u00e9volu\u00e9 et innov\u00e9 pour r\u00e9pondre aux exigences du jeu. Rien d\u2019\u00e9tonnant \u00e0 ce que la Pure Drive soit l\u2019une des raquettes les plus populaires et polyvalentes du monde. La 10e g\u00e9n\u00e9ration de la raquette Pure\u00a0Drive fait franchir un cap \u00e0 votre jeu gr\u00e2ce \u00e0 une puissance explosive et de meilleures sensations.<\/p>\n<p>La Pure Drive\u00a0110 a un tamis encore plus grand, pour encore plus de tol\u00e9rance et une prise en main optimale.<\/p>\n<p>&nbsp;<\/p>\n","protected":false},"excerpt":{"rendered":"<p>Pour certains, elle est la d\u00e9finition m\u00eame de la puissance. Vous l\u2019appellerez sans doute \u00abvotre avantage d\u00e9loyal\u00bb. Nous, nous l\u2019appelons la Pure Drive. En 1994, Babolat a lanc\u00e9 la raquette Pure Drive, qui s\u2019est rapidement \u00e9tablie comme une r\u00e9f\u00e9rence en terme de puissance. Avec tous les mod\u00e8les suivants, nous avons \u00e9volu\u00e9 et innov\u00e9 pour r\u00e9pondre [&hellip;]<\/p>\n","protected":false},"featured_media":105690,"comment_status":"open","ping_status":"closed","template":"","meta":[],"product_cat":[145],"product_tag":[],"_links":{"self":[{"href":"https:\/\/www.sport4club.be\/index.php\/wp-json\/wp\/v2\/product\/105689"}],"collection":[{"href":"https:\/\/www.sport4club.be\/index.php\/wp-json\/wp\/v2\/product"}],"about":[{"href":"https:\/\/www.sport4club.be\/index.php\/wp-json\/wp\/v2\/types\/product"}],"replies":[{"embeddable":true,"href":"https:\/\/www.sport4club.be\/index.php\/wp-json\/wp\/v2\/comments?post=105689"}],"wp:featuredmedia":[{"embeddable":true,"href":"https:\/\/www.sport4club.be\/index.php\/wp-json\/wp\/v2\/media\/105690"}],"wp:attachment":[{"href":"https:\/\/www.sport4club.be\/index.php\/wp-json\/wp\/v2\/media?parent=105689"}],"wp:term":[{"taxonomy":"product_cat","embeddable":true,"href":"https:\/\/www.sport4club.be\/index.php\/wp-json\/wp\/v2\/product_cat?post=105689"},{"taxonomy":"product_tag","embeddable":true,"href":"https:\/\/www.sport4club.be\/index.php\/wp-json\/wp\/v2\/product_tag?post=105689"}],"curies":[{"name":"wp","href":"https:\/\/api.w.org\/{rel}","templated":true}]}}