{"id":105613,"date":"2021-01-04T13:43:52","date_gmt":"2021-01-04T12:43:52","guid":{"rendered":"https:\/\/www.sport4club.be\/?post_type=product&#038;p=105613"},"modified":"2021-01-04T13:54:12","modified_gmt":"2021-01-04T12:54:12","slug":"still-in-black-hts-200m","status":"publish","type":"product","link":"https:\/\/www.sport4club.be\/index.php\/product\/still-in-black-hts-200m\/","title":{"rendered":"Still In Black HTS 200M"},"content":{"rendered":"<div><em>HTS a \u00e9t\u00e9 d\u00e9velopp\u00e9 pour obtenir un cordage qui offre une tr\u00e8s bonne stabilit\u00e9 de tension et un potentiel de spin maximal.<\/em><\/div>\n<div><em>Il offrira :<\/em><\/div>\n<ul>\n<li><em>Beaucoup de puissance<\/em><\/li>\n<li><em>Stabilit\u00e9 \u00e0 haute tension<\/em><\/li>\n<li><em>Grand potentiel de rotation<\/em><\/li>\n<li><em>Durabilit\u00e9 accrue<\/em><\/li>\n<\/ul>\n","protected":false},"excerpt":{"rendered":"<p>HTS a \u00e9t\u00e9 d\u00e9velopp\u00e9 pour obtenir un cordage qui offre une tr\u00e8s bonne stabilit\u00e9 de tension et un potentiel de spin maximal. Il offrira : Beaucoup de puissance Stabilit\u00e9 \u00e0 haute tension Grand potentiel de rotation Durabilit\u00e9 accrue<\/p>\n","protected":false},"featured_media":105614,"comment_status":"open","ping_status":"closed","template":"","meta":[],"product_cat":[108],"product_tag":[],"_links":{"self":[{"href":"https:\/\/www.sport4club.be\/index.php\/wp-json\/wp\/v2\/product\/105613"}],"collection":[{"href":"https:\/\/www.sport4club.be\/index.php\/wp-json\/wp\/v2\/product"}],"about":[{"href":"https:\/\/www.sport4club.be\/index.php\/wp-json\/wp\/v2\/types\/product"}],"replies":[{"embeddable":true,"href":"https:\/\/www.sport4club.be\/index.php\/wp-json\/wp\/v2\/comments?post=105613"}],"wp:featuredmedia":[{"embeddable":true,"href":"https:\/\/www.sport4club.be\/index.php\/wp-json\/wp\/v2\/media\/105614"}],"wp:attachment":[{"href":"https:\/\/www.sport4club.be\/index.php\/wp-json\/wp\/v2\/media?parent=105613"}],"wp:term":[{"taxonomy":"product_cat","embeddable":true,"href":"https:\/\/www.sport4club.be\/index.php\/wp-json\/wp\/v2\/product_cat?post=105613"},{"taxonomy":"product_tag","embeddable":true,"href":"https:\/\/www.sport4club.be\/index.php\/wp-json\/wp\/v2\/product_tag?post=105613"}],"curies":[{"name":"wp","href":"https:\/\/api.w.org\/{rel}","templated":true}]}}