{"id":105336,"date":"2020-11-25T17:45:08","date_gmt":"2020-11-25T16:45:08","guid":{"rendered":"https:\/\/www.sport4club.be\/?post_type=product&#038;p=105336"},"modified":"2021-11-01T08:22:04","modified_gmt":"2021-11-01T07:22:04","slug":"tecnifibre-bullit-25-235gr","status":"publish","type":"product","link":"https:\/\/www.sport4club.be\/index.php\/product\/tecnifibre-bullit-25-235gr\/","title":{"rendered":"TECNIFIBRE BULLIT 25 (235gr)"},"content":{"rendered":"<p><em>Maniable et r\u00e9sistante la raquette Tecnifibre Bullit 25 accompagnera l&#8217;\u00e9volution du jeu de votre enfant de 8 \u00e0 10 ans.<\/em><\/p>\n","protected":false},"excerpt":{"rendered":"<p>Maniable et r\u00e9sistante la raquette Tecnifibre Bullit 25 accompagnera l&#8217;\u00e9volution du jeu de votre enfant de 8 \u00e0 10 ans.<\/p>\n","protected":false},"featured_media":105337,"comment_status":"open","ping_status":"closed","template":"","meta":[],"product_cat":[146,786],"product_tag":[],"_links":{"self":[{"href":"https:\/\/www.sport4club.be\/index.php\/wp-json\/wp\/v2\/product\/105336"}],"collection":[{"href":"https:\/\/www.sport4club.be\/index.php\/wp-json\/wp\/v2\/product"}],"about":[{"href":"https:\/\/www.sport4club.be\/index.php\/wp-json\/wp\/v2\/types\/product"}],"replies":[{"embeddable":true,"href":"https:\/\/www.sport4club.be\/index.php\/wp-json\/wp\/v2\/comments?post=105336"}],"wp:featuredmedia":[{"embeddable":true,"href":"https:\/\/www.sport4club.be\/index.php\/wp-json\/wp\/v2\/media\/105337"}],"wp:attachment":[{"href":"https:\/\/www.sport4club.be\/index.php\/wp-json\/wp\/v2\/media?parent=105336"}],"wp:term":[{"taxonomy":"product_cat","embeddable":true,"href":"https:\/\/www.sport4club.be\/index.php\/wp-json\/wp\/v2\/product_cat?post=105336"},{"taxonomy":"product_tag","embeddable":true,"href":"https:\/\/www.sport4club.be\/index.php\/wp-json\/wp\/v2\/product_tag?post=105336"}],"curies":[{"name":"wp","href":"https:\/\/api.w.org\/{rel}","templated":true}]}}