{"id":105327,"date":"2020-11-25T17:23:35","date_gmt":"2020-11-25T16:23:35","guid":{"rendered":"https:\/\/www.sport4club.be\/?post_type=product&#038;p=105327"},"modified":"2022-08-10T08:22:05","modified_gmt":"2022-08-10T06:22:05","slug":"tecnifibre-bullit-19-166gr","status":"publish","type":"product","link":"https:\/\/www.sport4club.be\/index.php\/product\/tecnifibre-bullit-19-166gr\/","title":{"rendered":"TECNIFIBRE Bullit 19 (166gr)"},"content":{"rendered":"<p><em>Maniable et r\u00e9sistante la raquette Tecnifibre Bullit 19 accompagnera l&#8217;\u00e9volution du jeu de votre enfant de 4 \u00e0 5 ans.<\/em><\/p>\n","protected":false},"excerpt":{"rendered":"<p>Maniable et r\u00e9sistante la raquette Tecnifibre Bullit 19 accompagnera l&#8217;\u00e9volution du jeu de votre enfant de 4 \u00e0 5 ans.<\/p>\n","protected":false},"featured_media":105328,"comment_status":"open","ping_status":"closed","template":"","meta":[],"product_cat":[146,786],"product_tag":[],"_links":{"self":[{"href":"https:\/\/www.sport4club.be\/index.php\/wp-json\/wp\/v2\/product\/105327"}],"collection":[{"href":"https:\/\/www.sport4club.be\/index.php\/wp-json\/wp\/v2\/product"}],"about":[{"href":"https:\/\/www.sport4club.be\/index.php\/wp-json\/wp\/v2\/types\/product"}],"replies":[{"embeddable":true,"href":"https:\/\/www.sport4club.be\/index.php\/wp-json\/wp\/v2\/comments?post=105327"}],"wp:featuredmedia":[{"embeddable":true,"href":"https:\/\/www.sport4club.be\/index.php\/wp-json\/wp\/v2\/media\/105328"}],"wp:attachment":[{"href":"https:\/\/www.sport4club.be\/index.php\/wp-json\/wp\/v2\/media?parent=105327"}],"wp:term":[{"taxonomy":"product_cat","embeddable":true,"href":"https:\/\/www.sport4club.be\/index.php\/wp-json\/wp\/v2\/product_cat?post=105327"},{"taxonomy":"product_tag","embeddable":true,"href":"https:\/\/www.sport4club.be\/index.php\/wp-json\/wp\/v2\/product_tag?post=105327"}],"curies":[{"name":"wp","href":"https:\/\/api.w.org\/{rel}","templated":true}]}}