{"id":105323,"date":"2020-11-25T17:17:10","date_gmt":"2020-11-25T16:17:10","guid":{"rendered":"https:\/\/www.sport4club.be\/?post_type=product&#038;p=105323"},"modified":"2022-08-10T15:32:31","modified_gmt":"2022-08-10T13:32:31","slug":"tecnifibre-bullit-17-162gr","status":"publish","type":"product","link":"https:\/\/www.sport4club.be\/index.php\/product\/tecnifibre-bullit-17-162gr\/","title":{"rendered":"TECNIFIBRE Bullit 17 (162gr)"},"content":{"rendered":"<p><em>Maniable et r\u00e9sistante la raquette Tecnifibre Bullit 17 accompagnera l&#8217;\u00e9volution du jeu de votre enfant de 3 \u00e0 4 ans.<\/em><\/p>\n","protected":false},"excerpt":{"rendered":"<p>Maniable et r\u00e9sistante la raquette Tecnifibre Bullit 17 accompagnera l&#8217;\u00e9volution du jeu de votre enfant de 3 \u00e0 4 ans.<\/p>\n","protected":false},"featured_media":105324,"comment_status":"open","ping_status":"closed","template":"","meta":[],"product_cat":[146,786],"product_tag":[],"_links":{"self":[{"href":"https:\/\/www.sport4club.be\/index.php\/wp-json\/wp\/v2\/product\/105323"}],"collection":[{"href":"https:\/\/www.sport4club.be\/index.php\/wp-json\/wp\/v2\/product"}],"about":[{"href":"https:\/\/www.sport4club.be\/index.php\/wp-json\/wp\/v2\/types\/product"}],"replies":[{"embeddable":true,"href":"https:\/\/www.sport4club.be\/index.php\/wp-json\/wp\/v2\/comments?post=105323"}],"wp:featuredmedia":[{"embeddable":true,"href":"https:\/\/www.sport4club.be\/index.php\/wp-json\/wp\/v2\/media\/105324"}],"wp:attachment":[{"href":"https:\/\/www.sport4club.be\/index.php\/wp-json\/wp\/v2\/media?parent=105323"}],"wp:term":[{"taxonomy":"product_cat","embeddable":true,"href":"https:\/\/www.sport4club.be\/index.php\/wp-json\/wp\/v2\/product_cat?post=105323"},{"taxonomy":"product_tag","embeddable":true,"href":"https:\/\/www.sport4club.be\/index.php\/wp-json\/wp\/v2\/product_tag?post=105323"}],"curies":[{"name":"wp","href":"https:\/\/api.w.org\/{rel}","templated":true}]}}