{"id":105299,"date":"2020-11-25T12:51:46","date_gmt":"2020-11-25T11:51:46","guid":{"rendered":"https:\/\/www.sport4club.be\/?post_type=product&#038;p=105299"},"modified":"2023-03-22T09:12:59","modified_gmt":"2023-03-22T08:12:59","slug":"babolat-pure-drive-junior-25-girl-new","status":"publish","type":"product","link":"https:\/\/www.sport4club.be\/index.php\/product\/babolat-pure-drive-junior-25-girl-new\/","title":{"rendered":"Babolat Pure Drive Junior 25 Girl (240gr)"},"content":{"rendered":"<p><em>Pour certains, elle est la d\u00e9finition m\u00eame de la puissance. Vous l\u2019appellerez sans doute \u00ab votre avantage d\u00e9loyal \u00bb. Nous, nous l\u2019appelons la Pure Drive. En 1994, Babolat a lanc\u00e9 la raquette Pure Drive, qui s\u2019est rapidement \u00e9tablie comme une r\u00e9f\u00e9rence de puissance. Avec tous les mod\u00e8les suivants, nous avons \u00e9volu\u00e9 et innov\u00e9 pour r\u00e9pondre aux exigences du jeu. Rien d\u2019\u00e9tonnant \u00e0 ce que la Pure Drive soit l\u2019une des raquettes les plus populaires et polyvalentes du monde. La 10e g\u00e9n\u00e9ration de la raquette Pure Drive offre une puissance explosive et plus de sensations. La raquette Pure Drive Junior Girl 25 est sp\u00e9cialement con\u00e7ue pour jeunes comp\u00e9titrices aspirant \u00e0 faire \u00e9voluer leur jeu avec de la puissance et des sensations. Ce design alternatif leur permet d\u2019exprimer leur style unique.<\/em><\/p>\n<p>&nbsp;<\/p>\n","protected":false},"excerpt":{"rendered":"<p>Pour certains, elle est la d\u00e9finition m\u00eame de la puissance. Vous l\u2019appellerez sans doute \u00ab votre avantage d\u00e9loyal \u00bb. Nous, nous l\u2019appelons la Pure Drive. En 1994, Babolat a lanc\u00e9 la raquette Pure Drive, qui s\u2019est rapidement \u00e9tablie comme une r\u00e9f\u00e9rence de puissance. Avec tous les mod\u00e8les suivants, nous avons \u00e9volu\u00e9 et innov\u00e9 pour r\u00e9pondre [&hellip;]<\/p>\n","protected":false},"featured_media":105300,"comment_status":"closed","ping_status":"closed","template":"","meta":[],"product_cat":[146],"product_tag":[],"_links":{"self":[{"href":"https:\/\/www.sport4club.be\/index.php\/wp-json\/wp\/v2\/product\/105299"}],"collection":[{"href":"https:\/\/www.sport4club.be\/index.php\/wp-json\/wp\/v2\/product"}],"about":[{"href":"https:\/\/www.sport4club.be\/index.php\/wp-json\/wp\/v2\/types\/product"}],"replies":[{"embeddable":true,"href":"https:\/\/www.sport4club.be\/index.php\/wp-json\/wp\/v2\/comments?post=105299"}],"wp:featuredmedia":[{"embeddable":true,"href":"https:\/\/www.sport4club.be\/index.php\/wp-json\/wp\/v2\/media\/105300"}],"wp:attachment":[{"href":"https:\/\/www.sport4club.be\/index.php\/wp-json\/wp\/v2\/media?parent=105299"}],"wp:term":[{"taxonomy":"product_cat","embeddable":true,"href":"https:\/\/www.sport4club.be\/index.php\/wp-json\/wp\/v2\/product_cat?post=105299"},{"taxonomy":"product_tag","embeddable":true,"href":"https:\/\/www.sport4club.be\/index.php\/wp-json\/wp\/v2\/product_tag?post=105299"}],"curies":[{"name":"wp","href":"https:\/\/api.w.org\/{rel}","templated":true}]}}