{"id":105289,"date":"2020-11-25T10:14:47","date_gmt":"2020-11-25T09:14:47","guid":{"rendered":"https:\/\/www.sport4club.be\/?post_type=product&#038;p=105289"},"modified":"2022-08-15T10:19:01","modified_gmt":"2022-08-15T08:19:01","slug":"babolat-drive-junior-25-new","status":"publish","type":"product","link":"https:\/\/www.sport4club.be\/index.php\/product\/babolat-drive-junior-25-new\/","title":{"rendered":"Babolat Drive Junior 25 (230gr)"},"content":{"rendered":"<p><em>R\u00e9serv\u00e9e aux enfants ! Des recherches approfondies sur la morphologie et les besoins des jeunes joueurs ont guid\u00e9 la conception de la raquette de tennis Drive Junior. Le r\u00e9sultat ? Une gamme de raquettes qui aidera votre enfant \u00e0 apprendre les techniques et les tactiques du tennis plus rapidement. Mais nous ne nous sommes pas arr\u00eat\u00e9s aux caract\u00e9ristiques de la raquette. La raquette Drive Junior se d\u00e9cline en plusieurs mod\u00e8les, pour que votre enfant puisse choisir une couleur en accord avec son style.<\/em><\/p>\n<p>&nbsp;<\/p>\n<p><em>La raquette Drive Junior 25 est adapt\u00e9e aux jeunes joueurs mesurant entre 130 et 140 cm.<\/em><\/p>\n","protected":false},"excerpt":{"rendered":"<p>R\u00e9serv\u00e9e aux enfants ! Des recherches approfondies sur la morphologie et les besoins des jeunes joueurs ont guid\u00e9 la conception de la raquette de tennis Drive Junior. Le r\u00e9sultat ? Une gamme de raquettes qui aidera votre enfant \u00e0 apprendre les techniques et les tactiques du tennis plus rapidement. Mais nous ne nous sommes pas [&hellip;]<\/p>\n","protected":false},"featured_media":105290,"comment_status":"open","ping_status":"closed","template":"","meta":[],"product_cat":[146],"product_tag":[],"_links":{"self":[{"href":"https:\/\/www.sport4club.be\/index.php\/wp-json\/wp\/v2\/product\/105289"}],"collection":[{"href":"https:\/\/www.sport4club.be\/index.php\/wp-json\/wp\/v2\/product"}],"about":[{"href":"https:\/\/www.sport4club.be\/index.php\/wp-json\/wp\/v2\/types\/product"}],"replies":[{"embeddable":true,"href":"https:\/\/www.sport4club.be\/index.php\/wp-json\/wp\/v2\/comments?post=105289"}],"wp:featuredmedia":[{"embeddable":true,"href":"https:\/\/www.sport4club.be\/index.php\/wp-json\/wp\/v2\/media\/105290"}],"wp:attachment":[{"href":"https:\/\/www.sport4club.be\/index.php\/wp-json\/wp\/v2\/media?parent=105289"}],"wp:term":[{"taxonomy":"product_cat","embeddable":true,"href":"https:\/\/www.sport4club.be\/index.php\/wp-json\/wp\/v2\/product_cat?post=105289"},{"taxonomy":"product_tag","embeddable":true,"href":"https:\/\/www.sport4club.be\/index.php\/wp-json\/wp\/v2\/product_tag?post=105289"}],"curies":[{"name":"wp","href":"https:\/\/api.w.org\/{rel}","templated":true}]}}