{"id":105272,"date":"2020-11-25T09:45:25","date_gmt":"2020-11-25T08:45:25","guid":{"rendered":"https:\/\/www.sport4club.be\/?post_type=product&#038;p=105272"},"modified":"2022-08-15T10:14:50","modified_gmt":"2022-08-15T08:14:50","slug":"babolat-drive-junior-24-new","status":"publish","type":"product","link":"https:\/\/www.sport4club.be\/index.php\/product\/babolat-drive-junior-24-new\/","title":{"rendered":"Babolat Drive Junior 24 (220gr)"},"content":{"rendered":"<p><em>R\u00e9serv\u00e9e aux enfants ! Des recherches approfondies sur la morphologie et les capacit\u00e9s des jeunes joueurs de tennis ont guid\u00e9 la conception de la raquette de tennis Drive Junior. Le r\u00e9sultat ? Une gamme de raquettes qui aidera votre enfant \u00e0 apprendre les techniques et les tactiques du tennis plus rapidement. Mais nous ne nous sommes pas arr\u00eat\u00e9s aux caract\u00e9ristiques de la raquette. La raquette Drive Junior se d\u00e9cline en plusieurs mod\u00e8les, pour que votre enfant puisse choisir une couleur en accord avec son style.<\/em><\/p>\n<p>&nbsp;<\/p>\n<p><em>La raquette Drive Junior 24 est adapt\u00e9e aux jeunes joueurs mesurant entre 125 et 135 cm.<\/em><\/p>\n","protected":false},"excerpt":{"rendered":"<p>R\u00e9serv\u00e9e aux enfants ! Des recherches approfondies sur la morphologie et les capacit\u00e9s des jeunes joueurs de tennis ont guid\u00e9 la conception de la raquette de tennis Drive Junior. Le r\u00e9sultat ? Une gamme de raquettes qui aidera votre enfant \u00e0 apprendre les techniques et les tactiques du tennis plus rapidement. Mais nous ne nous [&hellip;]<\/p>\n","protected":false},"featured_media":105273,"comment_status":"open","ping_status":"closed","template":"","meta":[],"product_cat":[146],"product_tag":[],"_links":{"self":[{"href":"https:\/\/www.sport4club.be\/index.php\/wp-json\/wp\/v2\/product\/105272"}],"collection":[{"href":"https:\/\/www.sport4club.be\/index.php\/wp-json\/wp\/v2\/product"}],"about":[{"href":"https:\/\/www.sport4club.be\/index.php\/wp-json\/wp\/v2\/types\/product"}],"replies":[{"embeddable":true,"href":"https:\/\/www.sport4club.be\/index.php\/wp-json\/wp\/v2\/comments?post=105272"}],"wp:featuredmedia":[{"embeddable":true,"href":"https:\/\/www.sport4club.be\/index.php\/wp-json\/wp\/v2\/media\/105273"}],"wp:attachment":[{"href":"https:\/\/www.sport4club.be\/index.php\/wp-json\/wp\/v2\/media?parent=105272"}],"wp:term":[{"taxonomy":"product_cat","embeddable":true,"href":"https:\/\/www.sport4club.be\/index.php\/wp-json\/wp\/v2\/product_cat?post=105272"},{"taxonomy":"product_tag","embeddable":true,"href":"https:\/\/www.sport4club.be\/index.php\/wp-json\/wp\/v2\/product_tag?post=105272"}],"curies":[{"name":"wp","href":"https:\/\/api.w.org\/{rel}","templated":true}]}}