{"id":105258,"date":"2020-11-24T12:40:45","date_gmt":"2020-11-24T11:40:45","guid":{"rendered":"https:\/\/www.sport4club.be\/?post_type=product&#038;p=105258"},"modified":"2025-01-13T07:44:26","modified_gmt":"2025-01-13T06:44:26","slug":"wilson-pro-staff-junior-25-v13-0-235gr","status":"publish","type":"product","link":"https:\/\/www.sport4club.be\/index.php\/product\/wilson-pro-staff-junior-25-v13-0-235gr\/","title":{"rendered":"Wilson Pro Staff Junior 25 V13.0 (235gr)"},"content":{"rendered":"<p><em>La\u00a0<strong>Wilson Pro Staff 25 V13<\/strong>\u00a0est destin\u00e9e aux joueurs en progression qui mesurent entre 1,25m et 1,40m. Son tamis de 645cm\u00b2 apporte de la\u00a0<strong>puissance<\/strong>\u00a0et de la\u00a0<strong>tol\u00e9rance<\/strong>\u00a0alors que son plan de cordage 16&#215;18 ouvert permet d&#8217;imprimer des effets importants \u00e0 la balle.<\/em><\/p>\n<p><em>Son poids de\u00a0<strong>235g<\/strong>\u00a0associ\u00e9 \u00e0 son \u00e9quilibre de 30cm favorise la\u00a0<strong>maniabilit\u00e9<\/strong>\u00a0et le\u00a0<strong>contr\u00f4le<\/strong>\u00a0de la raquette.<\/em><br \/>\n<em>Cette raquette compl\u00e8te permettra une progression continue.<\/em><\/p>\n","protected":false},"excerpt":{"rendered":"<p>La\u00a0Wilson Pro Staff 25 V13\u00a0est destin\u00e9e aux joueurs en progression qui mesurent entre 1,25m et 1,40m. Son tamis de 645cm\u00b2 apporte de la\u00a0puissance\u00a0et de la\u00a0tol\u00e9rance\u00a0alors que son plan de cordage 16&#215;18 ouvert permet d&#8217;imprimer des effets importants \u00e0 la balle. Son poids de\u00a0235g\u00a0associ\u00e9 \u00e0 son \u00e9quilibre de 30cm favorise la\u00a0maniabilit\u00e9\u00a0et le\u00a0contr\u00f4le\u00a0de la raquette. Cette raquette [&hellip;]<\/p>\n","protected":false},"featured_media":105259,"comment_status":"open","ping_status":"closed","template":"","meta":[],"product_cat":[146],"product_tag":[],"_links":{"self":[{"href":"https:\/\/www.sport4club.be\/index.php\/wp-json\/wp\/v2\/product\/105258"}],"collection":[{"href":"https:\/\/www.sport4club.be\/index.php\/wp-json\/wp\/v2\/product"}],"about":[{"href":"https:\/\/www.sport4club.be\/index.php\/wp-json\/wp\/v2\/types\/product"}],"replies":[{"embeddable":true,"href":"https:\/\/www.sport4club.be\/index.php\/wp-json\/wp\/v2\/comments?post=105258"}],"wp:featuredmedia":[{"embeddable":true,"href":"https:\/\/www.sport4club.be\/index.php\/wp-json\/wp\/v2\/media\/105259"}],"wp:attachment":[{"href":"https:\/\/www.sport4club.be\/index.php\/wp-json\/wp\/v2\/media?parent=105258"}],"wp:term":[{"taxonomy":"product_cat","embeddable":true,"href":"https:\/\/www.sport4club.be\/index.php\/wp-json\/wp\/v2\/product_cat?post=105258"},{"taxonomy":"product_tag","embeddable":true,"href":"https:\/\/www.sport4club.be\/index.php\/wp-json\/wp\/v2\/product_tag?post=105258"}],"curies":[{"name":"wp","href":"https:\/\/api.w.org\/{rel}","templated":true}]}}