{"id":105003,"date":"2020-11-10T12:24:15","date_gmt":"2020-11-10T11:24:15","guid":{"rendered":"https:\/\/www.sport4club.be\/?post_type=product&#038;p=105003"},"modified":"2021-05-17T09:04:30","modified_gmt":"2021-05-17T07:04:30","slug":"head-delta-backpack-padel-black-orange","status":"publish","type":"product","link":"https:\/\/www.sport4club.be\/index.php\/product\/head-delta-backpack-padel-black-orange\/","title":{"rendered":"Head Delta Backpack Padel Black Orange"},"content":{"rendered":"<p><em>Sobre et moderne \u00e0 la fois, le sac \u00e0 dos Head Delta Padel vous permet de transporter tout ce qu&#8217;il vous faut pour vos matchs en restant mobile !<\/em><\/p>\n<p>Ce sac \u00e0 dos de padel se compose d&#8217;une poche d\u00e9di\u00e9e \u00e0 votre raquette, un compartiment central pour vos affaires de sport et d&#8217;une poche pour vos effets personnels sur le devant.<\/p>\n<p>Le plus : une poche sous le sac pour vos chaussures et un pochon lat\u00e9ral pour votre gourde ou tube de balles.<\/p>\n<p>Dimensions : 34x46x24cm<\/p>\n<p>Composition : Ext : 75% Polyester &#8211; 25% PU \/ Int : 100% Polyester<\/p>\n","protected":false},"excerpt":{"rendered":"<p>Sobre et moderne \u00e0 la fois, le sac \u00e0 dos Head Delta Padel vous permet de transporter tout ce qu&#8217;il vous faut pour vos matchs en restant mobile ! Ce sac \u00e0 dos de padel se compose d&#8217;une poche d\u00e9di\u00e9e \u00e0 votre raquette, un compartiment central pour vos affaires de sport et d&#8217;une poche pour [&hellip;]<\/p>\n","protected":false},"featured_media":105004,"comment_status":"open","ping_status":"closed","template":"","meta":[],"product_cat":[786,89],"product_tag":[],"_links":{"self":[{"href":"https:\/\/www.sport4club.be\/index.php\/wp-json\/wp\/v2\/product\/105003"}],"collection":[{"href":"https:\/\/www.sport4club.be\/index.php\/wp-json\/wp\/v2\/product"}],"about":[{"href":"https:\/\/www.sport4club.be\/index.php\/wp-json\/wp\/v2\/types\/product"}],"replies":[{"embeddable":true,"href":"https:\/\/www.sport4club.be\/index.php\/wp-json\/wp\/v2\/comments?post=105003"}],"wp:featuredmedia":[{"embeddable":true,"href":"https:\/\/www.sport4club.be\/index.php\/wp-json\/wp\/v2\/media\/105004"}],"wp:attachment":[{"href":"https:\/\/www.sport4club.be\/index.php\/wp-json\/wp\/v2\/media?parent=105003"}],"wp:term":[{"taxonomy":"product_cat","embeddable":true,"href":"https:\/\/www.sport4club.be\/index.php\/wp-json\/wp\/v2\/product_cat?post=105003"},{"taxonomy":"product_tag","embeddable":true,"href":"https:\/\/www.sport4club.be\/index.php\/wp-json\/wp\/v2\/product_tag?post=105003"}],"curies":[{"name":"wp","href":"https:\/\/api.w.org\/{rel}","templated":true}]}}