{"id":104965,"date":"2020-11-10T11:12:50","date_gmt":"2020-11-10T10:12:50","guid":{"rendered":"https:\/\/www.sport4club.be\/?post_type=product&#038;p=104965"},"modified":"2024-06-05T09:56:02","modified_gmt":"2024-06-05T07:56:02","slug":"head-graphene-360-gamma-motion","status":"publish","type":"product","link":"https:\/\/www.sport4club.be\/index.php\/product\/head-graphene-360-gamma-motion\/","title":{"rendered":"Head Graphene 360+ Gamma Motion"},"content":{"rendered":"<p><em>Unique et innovante, voici la nouvelle Gamma Motion. Si vous souhaitez passer inaper\u00e7ue&#8230; elle n&#8217;est peut-\u00eatre pas faite pour vous. Sa forme g\u00e9om\u00e9trique a \u00e9t\u00e9 travaill\u00e9e dans le moindre d\u00e9tail par nos ing\u00e9nieurs. D\u00e9sormais \u00e9quip\u00e9e de la nouvelle technologie Graphene 360, cette raquette est v\u00e9ritablement unique en son genre. De la puissance sous contr\u00f4le, du toucher et du confort, le tout dans un design flip-flop qui ne laissera personne indiff\u00e9rent. Essayez la et laissez-vous s\u00e9duire par ses performances. Est-il possible de r\u00e9sister ?<\/em><\/p>\n","protected":false},"excerpt":{"rendered":"<p>Unique et innovante, voici la nouvelle Gamma Motion. Si vous souhaitez passer inaper\u00e7ue&#8230; elle n&#8217;est peut-\u00eatre pas faite pour vous. Sa forme g\u00e9om\u00e9trique a \u00e9t\u00e9 travaill\u00e9e dans le moindre d\u00e9tail par nos ing\u00e9nieurs. D\u00e9sormais \u00e9quip\u00e9e de la nouvelle technologie Graphene 360, cette raquette est v\u00e9ritablement unique en son genre. De la puissance sous contr\u00f4le, du [&hellip;]<\/p>\n","protected":false},"featured_media":107580,"comment_status":"closed","ping_status":"closed","template":"","meta":[],"product_cat":[786,84],"product_tag":[],"_links":{"self":[{"href":"https:\/\/www.sport4club.be\/index.php\/wp-json\/wp\/v2\/product\/104965"}],"collection":[{"href":"https:\/\/www.sport4club.be\/index.php\/wp-json\/wp\/v2\/product"}],"about":[{"href":"https:\/\/www.sport4club.be\/index.php\/wp-json\/wp\/v2\/types\/product"}],"replies":[{"embeddable":true,"href":"https:\/\/www.sport4club.be\/index.php\/wp-json\/wp\/v2\/comments?post=104965"}],"wp:featuredmedia":[{"embeddable":true,"href":"https:\/\/www.sport4club.be\/index.php\/wp-json\/wp\/v2\/media\/107580"}],"wp:attachment":[{"href":"https:\/\/www.sport4club.be\/index.php\/wp-json\/wp\/v2\/media?parent=104965"}],"wp:term":[{"taxonomy":"product_cat","embeddable":true,"href":"https:\/\/www.sport4club.be\/index.php\/wp-json\/wp\/v2\/product_cat?post=104965"},{"taxonomy":"product_tag","embeddable":true,"href":"https:\/\/www.sport4club.be\/index.php\/wp-json\/wp\/v2\/product_tag?post=104965"}],"curies":[{"name":"wp","href":"https:\/\/api.w.org\/{rel}","templated":true}]}}