{"id":104913,"date":"2020-10-30T15:29:04","date_gmt":"2020-10-30T14:29:04","guid":{"rendered":"https:\/\/www.sport4club.be\/?post_type=product&#038;p=104913"},"modified":"2024-05-24T11:36:06","modified_gmt":"2024-05-24T09:36:06","slug":"solinco-hyper-g-soft-200m","status":"publish","type":"product","link":"https:\/\/www.sport4club.be\/index.php\/product\/solinco-hyper-g-soft-200m\/","title":{"rendered":"Solinco Hyper-G Soft 200M"},"content":{"rendered":"<p><em>Le cordage Solinco Hyper G Soft est un monofilament haut de gamme qui reprend ce qui a fait le succ\u00e8s de l&#8217;Hyper G classique : la prise d&#8217;effet et la pr\u00e9cision. Son plus ? Il est plus souple que son grand fr\u00e8re pour un meilleur confort et plus de jouabilit\u00e9.<\/em><\/p>\n<p>En effet Solinco a jou\u00e9 sur la souplesse de Hyper G Soft afin de maximiser le confort et la tol\u00e9rance sans perdre en contr\u00f4le et en sensation.<\/p>\n<p>Il en r\u00e9sulte un cordage plus accessible qui ravira un grand nombre de joueur.<\/p>\n<p>La version soft de l&#8217;Hyper G conserve bien entendu sa couleur verte si reconnaissable.<\/p>\n<p>La jauge 1.25 conviendra au plus grand nombre par sa polyvalence et sa bonne r\u00e9sistance. Pour un maximum de toucher et plus de vitesse de balle, vous pouvez opter pour une jauge 1.20 ou 1.15.<\/p>\n<p>Les gros casseurs se tourneront vers l&#8217;Hyper G Soft 1.30 pour un gain en durabilit\u00e9.<\/p>\n<p>La tension pr\u00e9conis\u00e9e ce cordage Solinco est de 23kg. M\u00eame s&#8217;il est plus souple et confortable que la version classique, nous vous d\u00e9conseillons de surtendre l&#8217;Hyper G Soft (pas plus de 25kg). Si vous souhaitez du confort et un peu plus de contr\u00f4le, vous pouvez vous tourner vers le SOLINCO CONFIDENTIAL.<\/p>\n","protected":false},"excerpt":{"rendered":"<p>Le cordage Solinco Hyper G Soft est un monofilament haut de gamme qui reprend ce qui a fait le succ\u00e8s de l&#8217;Hyper G classique : la prise d&#8217;effet et la pr\u00e9cision. Son plus ? Il est plus souple que son grand fr\u00e8re pour un meilleur confort et plus de jouabilit\u00e9. En effet Solinco a jou\u00e9 [&hellip;]<\/p>\n","protected":false},"featured_media":104914,"comment_status":"closed","ping_status":"closed","template":"","meta":[],"product_cat":[108,786],"product_tag":[],"_links":{"self":[{"href":"https:\/\/www.sport4club.be\/index.php\/wp-json\/wp\/v2\/product\/104913"}],"collection":[{"href":"https:\/\/www.sport4club.be\/index.php\/wp-json\/wp\/v2\/product"}],"about":[{"href":"https:\/\/www.sport4club.be\/index.php\/wp-json\/wp\/v2\/types\/product"}],"replies":[{"embeddable":true,"href":"https:\/\/www.sport4club.be\/index.php\/wp-json\/wp\/v2\/comments?post=104913"}],"wp:featuredmedia":[{"embeddable":true,"href":"https:\/\/www.sport4club.be\/index.php\/wp-json\/wp\/v2\/media\/104914"}],"wp:attachment":[{"href":"https:\/\/www.sport4club.be\/index.php\/wp-json\/wp\/v2\/media?parent=104913"}],"wp:term":[{"taxonomy":"product_cat","embeddable":true,"href":"https:\/\/www.sport4club.be\/index.php\/wp-json\/wp\/v2\/product_cat?post=104913"},{"taxonomy":"product_tag","embeddable":true,"href":"https:\/\/www.sport4club.be\/index.php\/wp-json\/wp\/v2\/product_tag?post=104913"}],"curies":[{"name":"wp","href":"https:\/\/api.w.org\/{rel}","templated":true}]}}