{"id":104561,"date":"2020-10-14T12:10:21","date_gmt":"2020-10-14T10:10:21","guid":{"rendered":"https:\/\/www.sport4club.be\/?post_type=product&#038;p=104561"},"modified":"2021-12-20T09:41:04","modified_gmt":"2021-12-20T08:41:04","slug":"wilson-burn-100-uls-v4-0-260gr","status":"publish","type":"product","link":"https:\/\/www.sport4club.be\/index.php\/product\/wilson-burn-100-uls-v4-0-260gr\/","title":{"rendered":"Wilson Burn 100 ULS V4.0 (260gr)"},"content":{"rendered":"<p><em>La Wilson Burn 100 ULS V4.0 se rapproche de l&#8217;esth\u00e9tique de la CLASH avec une note orang\u00e9e, retravaill\u00e9e pour coller \u00e0 la gamme Burn. Le tout en reprenant les m\u00eames lignes des autres gammes Wilson (Blade, Clash et Ultra) avec un gris pr\u00e9sent horizontalement sur le cadre de la raquette. C&#8217;est la raquette la plus l\u00e9g\u00e8re de la gamme, elle est annonc\u00e9e \u00e0 260 grammes (non cord\u00e9e) pour un tamis de 645cm\u00b2. Son \u00e9quilibre \u00e0 33cm est clairement en t\u00eate pour apporter plus de puissance. Le plan de cordage en 18&#215;16 apporte un maximum de prise d&#8217;effets. Tous ces \u00e9l\u00e9ments apportent \u00e0 la raquette : une puissance ma\u00eetris\u00e9e, une grande maniabilit\u00e9 et une bonne tol\u00e9rance.<\/em><\/p>\n<p>Cette raquette est destin\u00e9e aux joueurs d\u00e9butants ou jeunes pousses en devenir qui souhaitent acqu\u00e9rir une premi\u00e8re raquette adulte leur procurant de la puissance, du lift et une bonne jouabilit\u00e9.<\/p>\n","protected":false},"excerpt":{"rendered":"<p>La Wilson Burn 100 ULS V4.0 se rapproche de l&#8217;esth\u00e9tique de la CLASH avec une note orang\u00e9e, retravaill\u00e9e pour coller \u00e0 la gamme Burn. Le tout en reprenant les m\u00eames lignes des autres gammes Wilson (Blade, Clash et Ultra) avec un gris pr\u00e9sent horizontalement sur le cadre de la raquette. C&#8217;est la raquette la plus [&hellip;]<\/p>\n","protected":false},"featured_media":104562,"comment_status":"closed","ping_status":"closed","template":"","meta":[],"product_cat":[15],"product_tag":[],"_links":{"self":[{"href":"https:\/\/www.sport4club.be\/index.php\/wp-json\/wp\/v2\/product\/104561"}],"collection":[{"href":"https:\/\/www.sport4club.be\/index.php\/wp-json\/wp\/v2\/product"}],"about":[{"href":"https:\/\/www.sport4club.be\/index.php\/wp-json\/wp\/v2\/types\/product"}],"replies":[{"embeddable":true,"href":"https:\/\/www.sport4club.be\/index.php\/wp-json\/wp\/v2\/comments?post=104561"}],"wp:featuredmedia":[{"embeddable":true,"href":"https:\/\/www.sport4club.be\/index.php\/wp-json\/wp\/v2\/media\/104562"}],"wp:attachment":[{"href":"https:\/\/www.sport4club.be\/index.php\/wp-json\/wp\/v2\/media?parent=104561"}],"wp:term":[{"taxonomy":"product_cat","embeddable":true,"href":"https:\/\/www.sport4club.be\/index.php\/wp-json\/wp\/v2\/product_cat?post=104561"},{"taxonomy":"product_tag","embeddable":true,"href":"https:\/\/www.sport4club.be\/index.php\/wp-json\/wp\/v2\/product_tag?post=104561"}],"curies":[{"name":"wp","href":"https:\/\/api.w.org\/{rel}","templated":true}]}}