{"id":103899,"date":"2020-08-11T14:38:12","date_gmt":"2020-08-11T12:38:12","guid":{"rendered":"https:\/\/www.sport4club.be\/?post_type=product&#038;p=103899"},"modified":"2022-01-23T16:51:06","modified_gmt":"2022-01-23T15:51:06","slug":"head-graphene-360-extreme-lite-265gr","status":"publish","type":"product","link":"https:\/\/www.sport4club.be\/index.php\/product\/head-graphene-360-extreme-lite-265gr\/","title":{"rendered":"Head Graphene 360+ Extreme Lite (265gr)"},"content":{"rendered":"<p>La nouvelle Head Graphene 360+ Extreme Lite est la plus l\u00e9g\u00e8re de la gamme (265g). Elle dispose d&#8217;un grand tamis (680cm\u00b2) pour un maximum de jouabilit\u00e9 et de puissance !<\/p>\n<p>La Extreme Lite incorpore la technologie Graphene 360+ : en plus du Graphene pr\u00e9sent autour du cadre, des fibres torsad\u00e9es font leur apparition dans le bas de celui-ci pour offrir une meilleure r\u00e9ponse et une plus grande flexibilit\u00e9. Les sensations sont plus nettes et le confort est toujours au rendez-vous !<\/p>\n<p>Si le jaune fluo est toujours pr\u00e9sent sur la nouvelle Extreme, il fait la part belle \u00e0 un gris clair qui apporte de la modernit\u00e9 et contribue \u00e0 rendre unique cette raquette. La cosm\u00e9tique est r\u00e9ussie et offre un vent de fraicheur \u00e0 la gamme.<\/p>\n<p>Head a \u00e9galement fait \u00e9voluer les joncs de la gamme Extreme. Ils permettent un mouvement plus libre des cordes et un effet trampoline plus important lors de l\u2019impact de la balle pour plus de puissance.<\/p>\n<p>La gamme Extreme est recommand\u00e9e par le joueur italien Matteo Berrettini.<\/p>\n<p>Nous conseillons la nouvelle Extreme en version Lite aux joueurs souhaitant un premier cadre adulte tr\u00e8s maniable, puissant et tol\u00e9rant.<\/p>\n<p>Cette raquette est id\u00e9ale pour les joueurs qui aiment d\u00e9velopper un maximum de prise d&#8217;effet et beaucoup de puissance. Vous ferez reculer vos adversaires gr\u00e2ce \u00e0 une prise d&#8217;effet Extr\u00eame.<\/p>\n","protected":false},"excerpt":{"rendered":"<p>La nouvelle Head Graphene 360+ Extreme Lite est la plus l\u00e9g\u00e8re de la gamme (265g). Elle dispose d&#8217;un grand tamis (680cm\u00b2) pour un maximum de jouabilit\u00e9 et de puissance ! La Extreme Lite incorpore la technologie Graphene 360+ : en plus du Graphene pr\u00e9sent autour du cadre, des fibres torsad\u00e9es font leur apparition dans le [&hellip;]<\/p>\n","protected":false},"featured_media":103900,"comment_status":"open","ping_status":"closed","template":"","meta":[],"product_cat":[145,786],"product_tag":[],"_links":{"self":[{"href":"https:\/\/www.sport4club.be\/index.php\/wp-json\/wp\/v2\/product\/103899"}],"collection":[{"href":"https:\/\/www.sport4club.be\/index.php\/wp-json\/wp\/v2\/product"}],"about":[{"href":"https:\/\/www.sport4club.be\/index.php\/wp-json\/wp\/v2\/types\/product"}],"replies":[{"embeddable":true,"href":"https:\/\/www.sport4club.be\/index.php\/wp-json\/wp\/v2\/comments?post=103899"}],"wp:featuredmedia":[{"embeddable":true,"href":"https:\/\/www.sport4club.be\/index.php\/wp-json\/wp\/v2\/media\/103900"}],"wp:attachment":[{"href":"https:\/\/www.sport4club.be\/index.php\/wp-json\/wp\/v2\/media?parent=103899"}],"wp:term":[{"taxonomy":"product_cat","embeddable":true,"href":"https:\/\/www.sport4club.be\/index.php\/wp-json\/wp\/v2\/product_cat?post=103899"},{"taxonomy":"product_tag","embeddable":true,"href":"https:\/\/www.sport4club.be\/index.php\/wp-json\/wp\/v2\/product_tag?post=103899"}],"curies":[{"name":"wp","href":"https:\/\/api.w.org\/{rel}","templated":true}]}}