{"id":103894,"date":"2020-08-11T14:31:08","date_gmt":"2020-08-11T12:31:08","guid":{"rendered":"https:\/\/www.sport4club.be\/?post_type=product&#038;p=103894"},"modified":"2024-02-01T08:50:25","modified_gmt":"2024-02-01T07:50:25","slug":"head-graphene-360-extreme-s-275gr","status":"publish","type":"product","link":"https:\/\/www.sport4club.be\/index.php\/product\/head-graphene-360-extreme-s-275gr\/","title":{"rendered":"Head Graphene 360+ Extreme S (275gr)"},"content":{"rendered":"<p>La raquette Head Extreme S fait peau neuve et arbore la cosm\u00e9tique grise et jaune moderne et dynamique.<\/p>\n<p>Plus qu&#8217;un relooking, le cadre \u00e9volue avec l&#8217;entr\u00e9e en gamme de la MP Lite. Ainsi la Extreme S Graphene 360+ se d\u00e9marque avec un poids plus faible (275g non cord\u00e9e) et surtout un tamis plus grand pour plus de tol\u00e9rance (680cm\u00b2). Le profil\u00e9 un peu plus \u00e9pais et l&#8217;\u00e9quilibre \u00e0 34cm viennent compl\u00e9ter les sp\u00e9cifications pour un maximum de puissance et de tol\u00e9rance.<\/p>\n<p>Elle profite bien sur du plan de cordage 16&#215;19 et des oeillets sp\u00e9cifiques pour g\u00e9n\u00e9rer un maximum d&#8217;effet.<\/p>\n<p>La nouvelle Extreme S int\u00e9gre \u00e9galement la technologie Graphene 360+ : en plus du Graphene pr\u00e9sent autour du cadre, des fibres torsad\u00e9es font leur apparition dans le bas de celui-ci pour offrir une meilleure r\u00e9ponse et une plus grande flexibilit\u00e9. Les sensations sont plus nettes et le confort est toujours au rendez-vous !<\/p>\n<p>Si le jaune fluo est toujours pr\u00e9sent sur la nouvelle Extreme, il fait la part belle \u00e0 un gris clair qui apporte de la modernit\u00e9 et contribue \u00e0 rendre unique cette raquette. La cosm\u00e9tique est r\u00e9ussie et offre un vent de fraicheur \u00e0 la gamme.<\/p>\n<p>Head a \u00e9galement fait \u00e9voluer les joncs de la gamme Extreme. Ils permettent un mouvement plus libre des cordes et un effet trampoline plus important lors de l\u2019impact de la balle pour plus de puissance.<\/p>\n<p>La gamme Extreme est recommand\u00e9e par le joueur italien Matteo Berrettini.<\/p>\n<p>Nous conseillons la nouvelle Extreme en version S aux adultes d\u00e9butants et souhaitant un cadre tol\u00e9rant, maniable et d\u00e9livrant effets et puissance. Les s\u00e9niors souhaitant plus de maniabilit\u00e9 et de puissance facile seront \u00e9galement ravis par ce nouveau cadre.<\/p>\n<p>Cette raquette est id\u00e9ale pour les joueurs qui aiment d\u00e9velopper un maximum de prise d&#8217;effet et beaucoup de puissance. Vous ferez reculer vos adversaires gr\u00e2ce \u00e0 une prise d&#8217;effet Extr\u00eame.<\/p>\n","protected":false},"excerpt":{"rendered":"<p>La raquette Head Extreme S fait peau neuve et arbore la cosm\u00e9tique grise et jaune moderne et dynamique. Plus qu&#8217;un relooking, le cadre \u00e9volue avec l&#8217;entr\u00e9e en gamme de la MP Lite. Ainsi la Extreme S Graphene 360+ se d\u00e9marque avec un poids plus faible (275g non cord\u00e9e) et surtout un tamis plus grand pour [&hellip;]<\/p>\n","protected":false},"featured_media":103895,"comment_status":"open","ping_status":"closed","template":"","meta":[],"product_cat":[145,786],"product_tag":[],"_links":{"self":[{"href":"https:\/\/www.sport4club.be\/index.php\/wp-json\/wp\/v2\/product\/103894"}],"collection":[{"href":"https:\/\/www.sport4club.be\/index.php\/wp-json\/wp\/v2\/product"}],"about":[{"href":"https:\/\/www.sport4club.be\/index.php\/wp-json\/wp\/v2\/types\/product"}],"replies":[{"embeddable":true,"href":"https:\/\/www.sport4club.be\/index.php\/wp-json\/wp\/v2\/comments?post=103894"}],"wp:featuredmedia":[{"embeddable":true,"href":"https:\/\/www.sport4club.be\/index.php\/wp-json\/wp\/v2\/media\/103895"}],"wp:attachment":[{"href":"https:\/\/www.sport4club.be\/index.php\/wp-json\/wp\/v2\/media?parent=103894"}],"wp:term":[{"taxonomy":"product_cat","embeddable":true,"href":"https:\/\/www.sport4club.be\/index.php\/wp-json\/wp\/v2\/product_cat?post=103894"},{"taxonomy":"product_tag","embeddable":true,"href":"https:\/\/www.sport4club.be\/index.php\/wp-json\/wp\/v2\/product_tag?post=103894"}],"curies":[{"name":"wp","href":"https:\/\/api.w.org\/{rel}","templated":true}]}}