{"id":10262,"date":"2018-11-25T10:37:49","date_gmt":"2018-11-25T09:37:49","guid":{"rendered":"https:\/\/www.sport4club.be\/?post_type=product&#038;p=10262"},"modified":"2022-08-15T10:25:37","modified_gmt":"2022-08-15T08:25:37","slug":"babolat-pure-aero-junior-25-2019-240-gr","status":"publish","type":"product","link":"https:\/\/www.sport4club.be\/index.php\/product\/babolat-pure-aero-junior-25-2019-240-gr\/","title":{"rendered":"BABOLAT PURE AERO JUNIOR 25 (240 GR)"},"content":{"rendered":"<div class=\"ui-widget\" data-item-id=\"b619571f-42c7-469f-a89c-7a39846f9243\" data-priority=\"\" data-aura-rendered-by=\"1114:0\">\n<div class=\"product-information slds-grid slds-\">\n<div class=\"details-area slds-size_1-of-1 slds-medium-size_8-of-12 slds-large-size_8-of-12\">\n<section class=\"slds-accordion__section slds-is-open\">\n<div id=\"lgt-accordion-section-873\" class=\"slds-accordion__content\" aria-hidden=\"false\">\n<p><em>Boostez vos effets et pr\u00e9parez-vous pour le combat. Avec la raquette de tennis Pure\u00a0Aero, tout para\u00eet possible, tous les angles semblent accessibles&#8230; et tous les adversaires peuvent \u00eatre vaincus. Babolat a cr\u00e9\u00e9 LA machine \u00e0 effets pour combler votre d\u00e9sir insatiable de dominer le jeu.<\/em><\/p>\n<p><em>En\u00a02003, avec la conviction que les joueurs utiliseraient les effets pour dominer, Babolat a lanc\u00e9 la raquette Pure\u00a0Aero, la premi\u00e8re raquette sp\u00e9cialement con\u00e7ue pour la prise d\u2019effet. Ann\u00e9e apr\u00e8s ann\u00e9e, nous avons collabor\u00e9 avec Rafael Nadal et d\u2019autres grands joueurs pour innover et faire \u00e9voluer le premier cadre a\u00e9rodynamique du monde. Les r\u00e9sultats parlent d\u2019eux-m\u00eames. Avec \u00e0 son actif 22\u00a0titres du Grand Chelem \u00e0 ce jour, la raquette Pure\u00a0Aero fait trembler de peur le circuit. C\u2019est maintenant votre tour de d\u00e9couvrir ce que la machine \u00e0 effets supr\u00eame peut apporter \u00e0 votre jeu.<\/em><\/p>\n<p><em>La raquette Pure Aero Junior 25 est la raquette id\u00e9ale pour les joueurs de comp\u00e9tition junior qui aspirent \u00e0 faire \u00e9voluer leur jeu avec des effets et de la puissance.<\/em><\/p>\n<\/div>\n<\/section>\n<\/div>\n<\/div>\n<\/div>\n<div class=\"ui-widget\" data-item-id=\"a28dc8c1-6a39-490e-bae3-02d47ee35e0b\" data-priority=\"\" data-aura-rendered-by=\"1120:0\">\n<div class=\"matrix-row-container\"><\/div>\n<\/div>\n","protected":false},"excerpt":{"rendered":"<p>Boostez vos effets et pr\u00e9parez-vous pour le combat. Avec la raquette de tennis Pure\u00a0Aero, tout para\u00eet possible, tous les angles semblent accessibles&#8230; et tous les adversaires peuvent \u00eatre vaincus. Babolat a cr\u00e9\u00e9 LA machine \u00e0 effets pour combler votre d\u00e9sir insatiable de dominer le jeu. En\u00a02003, avec la conviction que les joueurs utiliseraient les effets [&hellip;]<\/p>\n","protected":false},"featured_media":10265,"comment_status":"closed","ping_status":"closed","template":"","meta":[],"product_cat":[146],"product_tag":[],"_links":{"self":[{"href":"https:\/\/www.sport4club.be\/index.php\/wp-json\/wp\/v2\/product\/10262"}],"collection":[{"href":"https:\/\/www.sport4club.be\/index.php\/wp-json\/wp\/v2\/product"}],"about":[{"href":"https:\/\/www.sport4club.be\/index.php\/wp-json\/wp\/v2\/types\/product"}],"replies":[{"embeddable":true,"href":"https:\/\/www.sport4club.be\/index.php\/wp-json\/wp\/v2\/comments?post=10262"}],"wp:featuredmedia":[{"embeddable":true,"href":"https:\/\/www.sport4club.be\/index.php\/wp-json\/wp\/v2\/media\/10265"}],"wp:attachment":[{"href":"https:\/\/www.sport4club.be\/index.php\/wp-json\/wp\/v2\/media?parent=10262"}],"wp:term":[{"taxonomy":"product_cat","embeddable":true,"href":"https:\/\/www.sport4club.be\/index.php\/wp-json\/wp\/v2\/product_cat?post=10262"},{"taxonomy":"product_tag","embeddable":true,"href":"https:\/\/www.sport4club.be\/index.php\/wp-json\/wp\/v2\/product_tag?post=10262"}],"curies":[{"name":"wp","href":"https:\/\/api.w.org\/{rel}","templated":true}]}}