{"id":10215,"date":"2018-11-24T17:34:56","date_gmt":"2018-11-24T16:34:56","guid":{"rendered":"https:\/\/www.sport4club.be\/?post_type=product&#038;p=10215"},"modified":"2022-08-12T10:33:02","modified_gmt":"2022-08-12T08:33:02","slug":"babolat-aero-junior-25-2019-240-gr","status":"publish","type":"product","link":"https:\/\/www.sport4club.be\/index.php\/product\/babolat-aero-junior-25-2019-240-gr\/","title":{"rendered":"BABOLAT AERO JUNIOR 25 (245 GR)"},"content":{"rendered":"<p><em>Votre champion en herbe r\u00eave de remporter un Grand Chelem ? De gagner plus de titres que Rafa ? Nous ne pouvons pas garantir lui la victoire, mais nous pouvons vous assurer que tout commence par un \u00e9quipement adapt\u00e9 au niveau et \u00e0 la taille de votre futur champion. En nous inspirant de Rafa, nous avons con\u00e7u la raquette de tennis Aero Junior pour aider les jeunes joueurs \u00e0 progresser.<\/em><\/p>\n<p>&nbsp;<\/p>\n<p><em>La raquette Aero Junior 25 est adapt\u00e9e aux enfants mesurant entre 130 et 140 cm.<\/em><\/p>\n","protected":false},"excerpt":{"rendered":"<p>Votre champion en herbe r\u00eave de remporter un Grand Chelem ? De gagner plus de titres que Rafa ? Nous ne pouvons pas garantir lui la victoire, mais nous pouvons vous assurer que tout commence par un \u00e9quipement adapt\u00e9 au niveau et \u00e0 la taille de votre futur champion. En nous inspirant de Rafa, nous [&hellip;]<\/p>\n","protected":false},"featured_media":94575,"comment_status":"closed","ping_status":"closed","template":"","meta":[],"product_cat":[146],"product_tag":[],"_links":{"self":[{"href":"https:\/\/www.sport4club.be\/index.php\/wp-json\/wp\/v2\/product\/10215"}],"collection":[{"href":"https:\/\/www.sport4club.be\/index.php\/wp-json\/wp\/v2\/product"}],"about":[{"href":"https:\/\/www.sport4club.be\/index.php\/wp-json\/wp\/v2\/types\/product"}],"replies":[{"embeddable":true,"href":"https:\/\/www.sport4club.be\/index.php\/wp-json\/wp\/v2\/comments?post=10215"}],"wp:featuredmedia":[{"embeddable":true,"href":"https:\/\/www.sport4club.be\/index.php\/wp-json\/wp\/v2\/media\/94575"}],"wp:attachment":[{"href":"https:\/\/www.sport4club.be\/index.php\/wp-json\/wp\/v2\/media?parent=10215"}],"wp:term":[{"taxonomy":"product_cat","embeddable":true,"href":"https:\/\/www.sport4club.be\/index.php\/wp-json\/wp\/v2\/product_cat?post=10215"},{"taxonomy":"product_tag","embeddable":true,"href":"https:\/\/www.sport4club.be\/index.php\/wp-json\/wp\/v2\/product_tag?post=10215"}],"curies":[{"name":"wp","href":"https:\/\/api.w.org\/{rel}","templated":true}]}}