{"id":101891,"date":"2020-06-09T09:30:30","date_gmt":"2020-06-09T07:30:30","guid":{"rendered":"https:\/\/www.sport4club.be\/?post_type=product&#038;p=101891"},"modified":"2023-01-30T08:15:00","modified_gmt":"2023-01-30T07:15:00","slug":"kit-tennis-ballon-mini-tennis-4m","status":"publish","type":"product","link":"https:\/\/www.sport4club.be\/index.php\/product\/kit-tennis-ballon-mini-tennis-4m\/","title":{"rendered":"Kit Tennis Ballon \/ Mini Tennis 4M-6M"},"content":{"rendered":"<p>Ensemble con\u00e7u \u00e0 la fois pour tennis-ballon et mini-tennis.<br \/>\nStructure en acier rectangulaire tr\u00e8s stable gr\u00e2ce \u00e0 la largeur de ses pieds qui \u00e9vite tout risque de basculement.<br \/>\nCon\u00e7u pour une utilisation sur tout type de surface.<br \/>\nTr\u00e8s pratique et facile \u00e0 installer, ce kit se monte et se d\u00e9monte tr\u00e8s rapidement.<br \/>\nLivr\u00e9 avec filet PE 2mm maille 40mm. Livr\u00e9 avec sac de transport.<\/p>\n<p>Disponible en 2 longueurs : 4M et 6M. 2 hauteurs r\u00e9glables : 0,90m et 1,10m.<\/p>\n","protected":false},"excerpt":{"rendered":"<p>Ensemble con\u00e7u \u00e0 la fois pour tennis-ballon et mini-tennis. Structure en acier rectangulaire tr\u00e8s stable gr\u00e2ce \u00e0 la largeur de ses pieds qui \u00e9vite tout risque de basculement. Con\u00e7u pour une utilisation sur tout type de surface. Tr\u00e8s pratique et facile \u00e0 installer, ce kit se monte et se d\u00e9monte tr\u00e8s rapidement. Livr\u00e9 avec filet [&hellip;]<\/p>\n","protected":false},"featured_media":101892,"comment_status":"open","ping_status":"closed","template":"","meta":[],"product_cat":[76],"product_tag":[],"_links":{"self":[{"href":"https:\/\/www.sport4club.be\/index.php\/wp-json\/wp\/v2\/product\/101891"}],"collection":[{"href":"https:\/\/www.sport4club.be\/index.php\/wp-json\/wp\/v2\/product"}],"about":[{"href":"https:\/\/www.sport4club.be\/index.php\/wp-json\/wp\/v2\/types\/product"}],"replies":[{"embeddable":true,"href":"https:\/\/www.sport4club.be\/index.php\/wp-json\/wp\/v2\/comments?post=101891"}],"wp:featuredmedia":[{"embeddable":true,"href":"https:\/\/www.sport4club.be\/index.php\/wp-json\/wp\/v2\/media\/101892"}],"wp:attachment":[{"href":"https:\/\/www.sport4club.be\/index.php\/wp-json\/wp\/v2\/media?parent=101891"}],"wp:term":[{"taxonomy":"product_cat","embeddable":true,"href":"https:\/\/www.sport4club.be\/index.php\/wp-json\/wp\/v2\/product_cat?post=101891"},{"taxonomy":"product_tag","embeddable":true,"href":"https:\/\/www.sport4club.be\/index.php\/wp-json\/wp\/v2\/product_tag?post=101891"}],"curies":[{"name":"wp","href":"https:\/\/api.w.org\/{rel}","templated":true}]}}