{"id":101126,"date":"2020-05-18T12:31:35","date_gmt":"2020-05-18T10:31:35","guid":{"rendered":"https:\/\/www.sport4club.be\/?post_type=product&#038;p=101126"},"modified":"2022-03-28T10:07:21","modified_gmt":"2022-03-28T08:07:21","slug":"solinco-apex-all-court-premium-2-tubes-test","status":"publish","type":"product","link":"https:\/\/www.sport4club.be\/index.php\/product\/solinco-apex-all-court-premium-2-tubes-test\/","title":{"rendered":"Solinco Apex All Court Premium (2 Tubes test)"},"content":{"rendered":"<p>NOUVEAU!<\/p>\n<p>2 Tubes de 4 balles-test<br \/>\n8,50\u20ac tvac, hors frais de port &#8211; <strong>MAXIMUM 2 PACKS-TEST PAR COMMANDE<\/strong><\/p>\n<p>Approuv\u00e9 ITF<\/p>\n<p>Solinco propose une balle de tennis premium de tr\u00e8s haute qualit\u00e9 (caoutchouc premium et feutre Milliken)<\/p>\n<p>Avantages de cette balle :<\/p>\n<p>1) sensation in\u00e9gal\u00e9e<\/p>\n<p>2) tr\u00e8s bonne r\u00e9sistance \u00e0 l\u2019usure sur toutes les surfaces<\/p>\n<p>3) Garde sa pression 30% plus longtemps que n\u2019importe quelle autre balle !!<\/p>\n<p>Ce n\u2019est pas encore la balle la plus c\u00e9l\u00e8bre mais de loin la meilleure !!!.<\/p>\n<p>Hautement recommand\u00e9<\/p>\n","protected":false},"excerpt":{"rendered":"<p>NOUVEAU! 2 Tubes de 4 balles-test 8,50\u20ac tvac, hors frais de port &#8211; MAXIMUM 2 PACKS-TEST PAR COMMANDE Approuv\u00e9 ITF Solinco propose une balle de tennis premium de tr\u00e8s haute qualit\u00e9 (caoutchouc premium et feutre Milliken) Avantages de cette balle : 1) sensation in\u00e9gal\u00e9e 2) tr\u00e8s bonne r\u00e9sistance \u00e0 l\u2019usure sur toutes les surfaces 3) [&hellip;]<\/p>\n","protected":false},"featured_media":101123,"comment_status":"closed","ping_status":"closed","template":"","meta":[],"product_cat":[106,786],"product_tag":[],"_links":{"self":[{"href":"https:\/\/www.sport4club.be\/index.php\/wp-json\/wp\/v2\/product\/101126"}],"collection":[{"href":"https:\/\/www.sport4club.be\/index.php\/wp-json\/wp\/v2\/product"}],"about":[{"href":"https:\/\/www.sport4club.be\/index.php\/wp-json\/wp\/v2\/types\/product"}],"replies":[{"embeddable":true,"href":"https:\/\/www.sport4club.be\/index.php\/wp-json\/wp\/v2\/comments?post=101126"}],"wp:featuredmedia":[{"embeddable":true,"href":"https:\/\/www.sport4club.be\/index.php\/wp-json\/wp\/v2\/media\/101123"}],"wp:attachment":[{"href":"https:\/\/www.sport4club.be\/index.php\/wp-json\/wp\/v2\/media?parent=101126"}],"wp:term":[{"taxonomy":"product_cat","embeddable":true,"href":"https:\/\/www.sport4club.be\/index.php\/wp-json\/wp\/v2\/product_cat?post=101126"},{"taxonomy":"product_tag","embeddable":true,"href":"https:\/\/www.sport4club.be\/index.php\/wp-json\/wp\/v2\/product_tag?post=101126"}],"curies":[{"name":"wp","href":"https:\/\/api.w.org\/{rel}","templated":true}]}}