{"id":101053,"date":"2020-05-16T16:37:00","date_gmt":"2020-05-16T14:37:00","guid":{"rendered":"https:\/\/www.sport4club.be\/?post_type=product&#038;p=101053"},"modified":"2024-01-08T08:58:40","modified_gmt":"2024-01-08T07:58:40","slug":"babolat-core-1-2-zip","status":"publish","type":"product","link":"https:\/\/www.sport4club.be\/index.php\/product\/babolat-core-1-2-zip\/","title":{"rendered":"Babolat Core 1\/2 ZIP"},"content":{"rendered":"<p>Ce t-shirt \u00e0 manches longues 1\/2 zip Babolat Core Club, tel une seconde peau, est l\u00e9ger et extensible avec des mati\u00e8res innovantes. Il procure du confort et permet une grande libert\u00e9 de mouvements gr\u00e2ce \u00e0 sa technologie 360\u00b0 Motion.<\/p>\n<p>De plus, ce t-shirt prot\u00e8ge int\u00e9gralement des UV (UPF50+). Il poss\u00e8de un demi zip pour vous permettre, en cas de besoin, d&#8217;\u00e9vacuer la chaleur de votre corps. Id\u00e9al par temps frais pour vos entra\u00eenements et matchs.<\/p>\n","protected":false},"excerpt":{"rendered":"<p>Ce t-shirt \u00e0 manches longues 1\/2 zip Babolat Core Club, tel une seconde peau, est l\u00e9ger et extensible avec des mati\u00e8res innovantes. Il procure du confort et permet une grande libert\u00e9 de mouvements gr\u00e2ce \u00e0 sa technologie 360\u00b0 Motion. De plus, ce t-shirt prot\u00e8ge int\u00e9gralement des UV (UPF50+). Il poss\u00e8de un demi zip pour vous [&hellip;]<\/p>\n","protected":false},"featured_media":101054,"comment_status":"open","ping_status":"closed","template":"","meta":[],"product_cat":[481,786],"product_tag":[],"_links":{"self":[{"href":"https:\/\/www.sport4club.be\/index.php\/wp-json\/wp\/v2\/product\/101053"}],"collection":[{"href":"https:\/\/www.sport4club.be\/index.php\/wp-json\/wp\/v2\/product"}],"about":[{"href":"https:\/\/www.sport4club.be\/index.php\/wp-json\/wp\/v2\/types\/product"}],"replies":[{"embeddable":true,"href":"https:\/\/www.sport4club.be\/index.php\/wp-json\/wp\/v2\/comments?post=101053"}],"wp:featuredmedia":[{"embeddable":true,"href":"https:\/\/www.sport4club.be\/index.php\/wp-json\/wp\/v2\/media\/101054"}],"wp:attachment":[{"href":"https:\/\/www.sport4club.be\/index.php\/wp-json\/wp\/v2\/media?parent=101053"}],"wp:term":[{"taxonomy":"product_cat","embeddable":true,"href":"https:\/\/www.sport4club.be\/index.php\/wp-json\/wp\/v2\/product_cat?post=101053"},{"taxonomy":"product_tag","embeddable":true,"href":"https:\/\/www.sport4club.be\/index.php\/wp-json\/wp\/v2\/product_tag?post=101053"}],"curies":[{"name":"wp","href":"https:\/\/api.w.org\/{rel}","templated":true}]}}