{"id":101013,"date":"2020-05-15T11:19:39","date_gmt":"2020-05-15T09:19:39","guid":{"rendered":"https:\/\/www.sport4club.be\/?post_type=product&#038;p=101013"},"modified":"2020-05-15T11:19:39","modified_gmt":"2020-05-15T09:19:39","slug":"string-bite-extreme-control-200m","status":"publish","type":"product","link":"https:\/\/www.sport4club.be\/index.php\/product\/string-bite-extreme-control-200m\/","title":{"rendered":"String Bite Extreme Control 200M"},"content":{"rendered":"<p>Cordage 5 c\u00f4t\u00e9s<br \/>\nExcellente Prise d&#8217;effet<br \/>\nEnorme Contr\u00f4le<br \/>\nTr\u00e8s peu de Perte de Tension<br \/>\nCordage ne bouge pas<br \/>\nCouleur : Gris<\/p>\n<p>Jauge: 1.23 mm, 1.25 mm<\/p>\n","protected":false},"excerpt":{"rendered":"<p>Cordage 5 c\u00f4t\u00e9s Excellente Prise d&#8217;effet Enorme Contr\u00f4le Tr\u00e8s peu de Perte de Tension Cordage ne bouge pas Couleur : Gris Jauge: 1.23 mm, 1.25 mm<\/p>\n","protected":false},"featured_media":101014,"comment_status":"open","ping_status":"closed","template":"","meta":[],"product_cat":[108],"product_tag":[],"_links":{"self":[{"href":"https:\/\/www.sport4club.be\/index.php\/wp-json\/wp\/v2\/product\/101013"}],"collection":[{"href":"https:\/\/www.sport4club.be\/index.php\/wp-json\/wp\/v2\/product"}],"about":[{"href":"https:\/\/www.sport4club.be\/index.php\/wp-json\/wp\/v2\/types\/product"}],"replies":[{"embeddable":true,"href":"https:\/\/www.sport4club.be\/index.php\/wp-json\/wp\/v2\/comments?post=101013"}],"wp:featuredmedia":[{"embeddable":true,"href":"https:\/\/www.sport4club.be\/index.php\/wp-json\/wp\/v2\/media\/101014"}],"wp:attachment":[{"href":"https:\/\/www.sport4club.be\/index.php\/wp-json\/wp\/v2\/media?parent=101013"}],"wp:term":[{"taxonomy":"product_cat","embeddable":true,"href":"https:\/\/www.sport4club.be\/index.php\/wp-json\/wp\/v2\/product_cat?post=101013"},{"taxonomy":"product_tag","embeddable":true,"href":"https:\/\/www.sport4club.be\/index.php\/wp-json\/wp\/v2\/product_tag?post=101013"}],"curies":[{"name":"wp","href":"https:\/\/api.w.org\/{rel}","templated":true}]}}