{"id":101007,"date":"2020-05-15T11:13:42","date_gmt":"2020-05-15T09:13:42","guid":{"rendered":"https:\/\/www.sport4club.be\/?post_type=product&#038;p=101007"},"modified":"2020-05-15T11:14:46","modified_gmt":"2020-05-15T09:14:46","slug":"string-bite-force-extreme-200m","status":"publish","type":"product","link":"https:\/\/www.sport4club.be\/index.php\/product\/string-bite-force-extreme-200m\/","title":{"rendered":"String Bite Force Extreme 200M"},"content":{"rendered":"<p>Prise d&#8217;effet exceptionnelle<br \/>\nCordage 5 c\u00f4t\u00e9s<br \/>\nContr\u00f4le parfait<br \/>\nCordage ne bouge pas<br \/>\nCouleur : Vert<\/p>\n<p>Jauge: 1.18 mm,1.24 mm, 1.30 mm<\/p>\n","protected":false},"excerpt":{"rendered":"<p>Prise d&#8217;effet exceptionnelle Cordage 5 c\u00f4t\u00e9s Contr\u00f4le parfait Cordage ne bouge pas Couleur : Vert Jauge: 1.18 mm,1.24 mm, 1.30 mm<\/p>\n","protected":false},"featured_media":101008,"comment_status":"open","ping_status":"closed","template":"","meta":[],"product_cat":[108],"product_tag":[],"_links":{"self":[{"href":"https:\/\/www.sport4club.be\/index.php\/wp-json\/wp\/v2\/product\/101007"}],"collection":[{"href":"https:\/\/www.sport4club.be\/index.php\/wp-json\/wp\/v2\/product"}],"about":[{"href":"https:\/\/www.sport4club.be\/index.php\/wp-json\/wp\/v2\/types\/product"}],"replies":[{"embeddable":true,"href":"https:\/\/www.sport4club.be\/index.php\/wp-json\/wp\/v2\/comments?post=101007"}],"wp:featuredmedia":[{"embeddable":true,"href":"https:\/\/www.sport4club.be\/index.php\/wp-json\/wp\/v2\/media\/101008"}],"wp:attachment":[{"href":"https:\/\/www.sport4club.be\/index.php\/wp-json\/wp\/v2\/media?parent=101007"}],"wp:term":[{"taxonomy":"product_cat","embeddable":true,"href":"https:\/\/www.sport4club.be\/index.php\/wp-json\/wp\/v2\/product_cat?post=101007"},{"taxonomy":"product_tag","embeddable":true,"href":"https:\/\/www.sport4club.be\/index.php\/wp-json\/wp\/v2\/product_tag?post=101007"}],"curies":[{"name":"wp","href":"https:\/\/api.w.org\/{rel}","templated":true}]}}