{"id":101001,"date":"2020-05-15T11:00:37","date_gmt":"2020-05-15T09:00:37","guid":{"rendered":"https:\/\/www.sport4club.be\/?post_type=product&#038;p=101001"},"modified":"2020-05-15T11:00:37","modified_gmt":"2020-05-15T09:00:37","slug":"string-bite-speed-gear-200m","status":"publish","type":"product","link":"https:\/\/www.sport4club.be\/index.php\/product\/string-bite-speed-gear-200m\/","title":{"rendered":"String Bite Speed Gear 200M"},"content":{"rendered":"<p>30% de Prise d&#8217;effet suppl\u00e9mentaire<br \/>\nCordage 5 C\u00f4t\u00e9s<br \/>\nBon contr\u00f4le<br \/>\nPetite Perte de Tension<br \/>\nCordage ne bouge pas<br \/>\nCouleur : Bleu<\/p>\n<p>Jauge: 1.23 mm, 1.28 mm<\/p>\n","protected":false},"excerpt":{"rendered":"<p>30% de Prise d&#8217;effet suppl\u00e9mentaire Cordage 5 C\u00f4t\u00e9s Bon contr\u00f4le Petite Perte de Tension Cordage ne bouge pas Couleur : Bleu Jauge: 1.23 mm, 1.28 mm<\/p>\n","protected":false},"featured_media":101002,"comment_status":"open","ping_status":"closed","template":"","meta":[],"product_cat":[108],"product_tag":[],"_links":{"self":[{"href":"https:\/\/www.sport4club.be\/index.php\/wp-json\/wp\/v2\/product\/101001"}],"collection":[{"href":"https:\/\/www.sport4club.be\/index.php\/wp-json\/wp\/v2\/product"}],"about":[{"href":"https:\/\/www.sport4club.be\/index.php\/wp-json\/wp\/v2\/types\/product"}],"replies":[{"embeddable":true,"href":"https:\/\/www.sport4club.be\/index.php\/wp-json\/wp\/v2\/comments?post=101001"}],"wp:featuredmedia":[{"embeddable":true,"href":"https:\/\/www.sport4club.be\/index.php\/wp-json\/wp\/v2\/media\/101002"}],"wp:attachment":[{"href":"https:\/\/www.sport4club.be\/index.php\/wp-json\/wp\/v2\/media?parent=101001"}],"wp:term":[{"taxonomy":"product_cat","embeddable":true,"href":"https:\/\/www.sport4club.be\/index.php\/wp-json\/wp\/v2\/product_cat?post=101001"},{"taxonomy":"product_tag","embeddable":true,"href":"https:\/\/www.sport4club.be\/index.php\/wp-json\/wp\/v2\/product_tag?post=101001"}],"curies":[{"name":"wp","href":"https:\/\/api.w.org\/{rel}","templated":true}]}}