{"id":100896,"date":"2020-05-12T15:27:03","date_gmt":"2020-05-12T13:27:03","guid":{"rendered":"https:\/\/www.sport4club.be\/?post_type=product&#038;p=100896"},"modified":"2022-01-05T10:26:16","modified_gmt":"2022-01-05T09:26:16","slug":"solinco-apex-all-court-premium-carton-18-tubes-4-balles","status":"publish","type":"product","link":"https:\/\/www.sport4club.be\/index.php\/product\/solinco-apex-all-court-premium-carton-18-tubes-4-balles\/","title":{"rendered":"Solinco Apex All Court Premium (Carton 18 tubes 4 Balles)"},"content":{"rendered":"<p><strong>NOUVEAU!<\/strong><\/p>\n<p>18 Tubes de 4 balles<br \/>\nApprouv\u00e9 ITF<\/p>\n<p>Solinco propose une balle de tennis premium de tr\u00e8s haute qualit\u00e9 (caoutchouc premium et feutre Milliken)<\/p>\n<p>Avantages de cette balle :<\/p>\n<p>1) sensation in\u00e9gal\u00e9e<\/p>\n<p>2) tr\u00e8s bonne r\u00e9sistance \u00e0 l&#8217;usure sur toutes les surfaces<\/p>\n<p>3) Garde sa pression 30% plus longtemps que n&#8217;importe quelle autre balle !!<\/p>\n<p>Ce n&#8217;est pas encore la balle la plus c\u00e9l\u00e8bre mais de loin la meilleure !!!.<\/p>\n<p><strong>Hautement recommand\u00e9<\/strong><\/p>\n","protected":false},"excerpt":{"rendered":"<p>NOUVEAU! 18 Tubes de 4 balles Approuv\u00e9 ITF Solinco propose une balle de tennis premium de tr\u00e8s haute qualit\u00e9 (caoutchouc premium et feutre Milliken) Avantages de cette balle : 1) sensation in\u00e9gal\u00e9e 2) tr\u00e8s bonne r\u00e9sistance \u00e0 l&#8217;usure sur toutes les surfaces 3) Garde sa pression 30% plus longtemps que n&#8217;importe quelle autre balle !! [&hellip;]<\/p>\n","protected":false},"featured_media":100897,"comment_status":"open","ping_status":"closed","template":"","meta":[],"product_cat":[106],"product_tag":[],"_links":{"self":[{"href":"https:\/\/www.sport4club.be\/index.php\/wp-json\/wp\/v2\/product\/100896"}],"collection":[{"href":"https:\/\/www.sport4club.be\/index.php\/wp-json\/wp\/v2\/product"}],"about":[{"href":"https:\/\/www.sport4club.be\/index.php\/wp-json\/wp\/v2\/types\/product"}],"replies":[{"embeddable":true,"href":"https:\/\/www.sport4club.be\/index.php\/wp-json\/wp\/v2\/comments?post=100896"}],"wp:featuredmedia":[{"embeddable":true,"href":"https:\/\/www.sport4club.be\/index.php\/wp-json\/wp\/v2\/media\/100897"}],"wp:attachment":[{"href":"https:\/\/www.sport4club.be\/index.php\/wp-json\/wp\/v2\/media?parent=100896"}],"wp:term":[{"taxonomy":"product_cat","embeddable":true,"href":"https:\/\/www.sport4club.be\/index.php\/wp-json\/wp\/v2\/product_cat?post=100896"},{"taxonomy":"product_tag","embeddable":true,"href":"https:\/\/www.sport4club.be\/index.php\/wp-json\/wp\/v2\/product_tag?post=100896"}],"curies":[{"name":"wp","href":"https:\/\/api.w.org\/{rel}","templated":true}]}}